{"id":65,"date":"2024-06-27T11:07:10","date_gmt":"2024-06-27T15:07:10","guid":{"rendered":"https:\/\/www.cssdd.gouv.qc.ca\/seduc-dev\/?page_id=65"},"modified":"2024-09-27T15:03:49","modified_gmt":"2024-09-27T19:03:49","slug":"conseillers-pedagogiques","status":"publish","type":"page","link":"https:\/\/www.cssdd.gouv.qc.ca\/seduc-dev\/notre-service\/conseillers-pedagogiques\/","title":{"rendered":"Conseillance p\u00e9dagogique"},"content":{"rendered":"\t\t<div data-elementor-type=\"wp-page\" data-elementor-id=\"65\" class=\"elementor elementor-65\" data-elementor-post-type=\"page\">\n\t\t\t\t<div class=\"elementor-element elementor-element-5c08dac e-flex e-con-boxed e-con e-parent\" data-id=\"5c08dac\" data-element_type=\"container\">\n\t\t\t\t\t<div class=\"e-con-inner\">\n\t\t\t\t<div class=\"elementor-element elementor-element-55054257 elementor-widget__width-auto elementor-widget elementor-widget-text-editor\" data-id=\"55054257\" data-element_type=\"widget\" data-widget_type=\"text-editor.default\">\n\t\t\t\t<div class=\"elementor-widget-container\">\n\t\t\t\t\t\t\t\t\t<table style=\"height: 455px;width: 100%;border-collapse: collapse\">\n<tbody>\n<tr style=\"height: 61px;background-color: #f4f5f9\">\n<td style=\"width: 99.9999%;height: 61px\" colspan=\"3\">\n<h3 style=\"text-align: center\"><span style=\"color: #000000\">L&rsquo;\u00e9quipe du service de l&rsquo;organisation scolaire<\/span><\/h3>\n<\/td>\n<\/tr>\n<tr style=\"height: 394px\">\n<td style=\"width: 31.7473%;height: 394px\">\n<p style=\"text-align: center\"><img decoding=\"async\" class=\"aligncenter wp-image-299\" src=\"https:\/\/www.cssdd.gouv.qc.ca\/seduc-dev\/files\/2024\/09\/1-225x300.png\" alt=\"\" width=\"173\" height=\"231\" srcset=\"https:\/\/www.cssdd.gouv.qc.ca\/seduc-dev\/files\/2024\/09\/1-225x300.png 225w, https:\/\/www.cssdd.gouv.qc.ca\/seduc-dev\/files\/2024\/09\/1-768x1024.png 768w, https:\/\/www.cssdd.gouv.qc.ca\/seduc-dev\/files\/2024\/09\/1.png 960w\" sizes=\"(max-width: 173px) 100vw, 173px\" \/><\/p>\n\n<h6 style=\"text-align: center\">Marie-Pier Chiasson<\/h6>\n<p style=\"text-align: center\">Technicienne en organisation scolaire<\/p>\n<p style=\"text-align: center\"># 4326<\/p>\n<\/td>\n<td style=\"width: 34.9193%;height: 394px\">\n<p style=\"text-align: center\"><img decoding=\"async\" class=\"aligncenter wp-image-300\" src=\"https:\/\/www.cssdd.gouv.qc.ca\/seduc-dev\/files\/2024\/09\/2-225x300.png\" alt=\"\" width=\"173\" height=\"231\" srcset=\"https:\/\/www.cssdd.gouv.qc.ca\/seduc-dev\/files\/2024\/09\/2-225x300.png 225w, https:\/\/www.cssdd.gouv.qc.ca\/seduc-dev\/files\/2024\/09\/2-768x1024.png 768w, https:\/\/www.cssdd.gouv.qc.ca\/seduc-dev\/files\/2024\/09\/2.png 960w\" sizes=\"(max-width: 173px) 100vw, 173px\" \/><\/p>\n\n<h6 style=\"text-align: center\">Marie-Pier Chiasson<\/h6>\n<p style=\"text-align: center\">Technicienne en organisation scolaire<\/p>\n<p style=\"text-align: center\">#4236<\/p>\n<\/td>\n<td style=\"width: 33.3333%;height: 394px;text-align: center\">\n<p style=\"text-align: center\"><img decoding=\"async\" class=\"aligncenter wp-image-299\" src=\"https:\/\/www.cssdd.gouv.qc.ca\/seduc-dev\/files\/2024\/09\/1-225x300.png\" alt=\"\" width=\"173\" height=\"231\" srcset=\"https:\/\/www.cssdd.gouv.qc.ca\/seduc-dev\/files\/2024\/09\/1-225x300.png 225w, https:\/\/www.cssdd.gouv.qc.ca\/seduc-dev\/files\/2024\/09\/1-768x1024.png 768w, https:\/\/www.cssdd.gouv.qc.ca\/seduc-dev\/files\/2024\/09\/1.png 960w\" sizes=\"(max-width: 173px) 100vw, 173px\" \/><\/p>\n\n<h6><strong>Kym Laroche<\/strong><\/h6>\n<p style=\"text-align: center\">Technicienne en organisation scolaire<\/p>\n<p style=\"text-align: center\"># 4321-4192<\/p>\n<\/td>\n<\/tr>\n<\/tbody>\n<\/table>\t\t\t\t\t\t\t\t<\/div>\n\t\t\t\t<\/div>\n\t\t\t\t\t<\/div>\n\t\t\t\t<\/div>\n\t\t\t\t<\/div>\n\t\t","protected":false},"excerpt":{"rendered":"<p>L&rsquo;\u00e9quipe du service de l&rsquo;organisation scolaire Marie-Pier Chiasson Technicienne en organisation scolaire # 4326 Marie-Pier Chiasson Technicienne en organisation scolaire #4236 Kym Laroche Technicienne en organisation scolaire # 4321-4192<\/p>\n","protected":false},"author":469,"featured_media":0,"parent":62,"menu_order":1,"comment_status":"closed","ping_status":"closed","template":"","meta":{"site-sidebar-layout":"no-sidebar","site-content-layout":"","ast-site-content-layout":"full-width-container","site-content-style":"default","site-sidebar-style":"default","ast-global-header-display":"","ast-banner-title-visibility":"","ast-main-header-display":"","ast-hfb-above-header-display":"","ast-hfb-below-header-display":"","ast-hfb-mobile-header-display":"","site-post-title":"disabled","ast-breadcrumbs-content":"","ast-featured-img":"disabled","footer-sml-layout":"","ast-disable-related-posts":"","theme-transparent-header-meta":"default","adv-header-id-meta":"","stick-header-meta":"","header-above-stick-meta":"","header-main-stick-meta":"","header-below-stick-meta":"","astra-migrate-meta-layouts":"set","ast-page-background-enabled":"default","ast-page-background-meta":{"desktop":{"background-color":"var(--ast-global-color-4)","background-image":"","background-repeat":"repeat","background-position":"center center","background-size":"auto","background-attachment":"scroll","background-type":"","background-media":"","overlay-type":"","overlay-color":"","overlay-opacity":"","overlay-gradient":""},"tablet":{"background-color":"","background-image":"","background-repeat":"repeat","background-position":"center center","background-size":"auto","background-attachment":"scroll","background-type":"","background-media":"","overlay-type":"","overlay-color":"","overlay-opacity":"","overlay-gradient":""},"mobile":{"background-color":"","background-image":"","background-repeat":"repeat","background-position":"center center","background-size":"auto","background-attachment":"scroll","background-type":"","background-media":"","overlay-type":"","overlay-color":"","overlay-opacity":"","overlay-gradient":""}},"ast-content-background-meta":{"desktop":{"background-color":"var(--ast-global-color-5)","background-image":"","background-repeat":"repeat","background-position":"center center","background-size":"auto","background-attachment":"scroll","background-type":"","background-media":"","overlay-type":"","overlay-color":"","overlay-opacity":"","overlay-gradient":""},"tablet":{"background-color":"var(--ast-global-color-5)","background-image":"","background-repeat":"repeat","background-position":"center center","background-size":"auto","background-attachment":"scroll","background-type":"","background-media":"","overlay-type":"","overlay-color":"","overlay-opacity":"","overlay-gradient":""},"mobile":{"background-color":"var(--ast-global-color-5)","background-image":"","background-repeat":"repeat","background-position":"center center","background-size":"auto","background-attachment":"scroll","background-type":"","background-media":"","overlay-type":"","overlay-color":"","overlay-opacity":"","overlay-gradient":""}},"footnotes":""},"class_list":["post-65","page","type-page","status-publish","hentry"],"yoast_head":"<!-- This site is optimized with the Yoast SEO plugin v27.0 - https:\/\/yoast.com\/product\/yoast-seo-wordpress\/ -->\n<title>Conseillance p\u00e9dagogique - Services \u00e9ducatifs<\/title>\n<meta name=\"robots\" content=\"index, follow, max-snippet:-1, max-image-preview:large, max-video-preview:-1\" \/>\n<link rel=\"canonical\" href=\"https:\/\/www.cssdd.gouv.qc.ca\/seduc-dev\/notre-service\/conseillers-pedagogiques\/\" \/>\n<meta property=\"og:locale\" content=\"fr_FR\" \/>\n<meta property=\"og:type\" content=\"article\" \/>\n<meta property=\"og:title\" content=\"Conseillance p\u00e9dagogique - Services \u00e9ducatifs\" \/>\n<meta property=\"og:description\" content=\"L&rsquo;\u00e9quipe du service de l&rsquo;organisation scolaire Marie-Pier Chiasson Technicienne en organisation scolaire # 4326 Marie-Pier Chiasson Technicienne en organisation scolaire #4236 Kym Laroche Technicienne en organisation scolaire # 4321-4192\" \/>\n<meta property=\"og:url\" content=\"https:\/\/www.cssdd.gouv.qc.ca\/seduc-dev\/notre-service\/conseillers-pedagogiques\/\" \/>\n<meta property=\"og:site_name\" content=\"Services \u00e9ducatifs\" \/>\n<meta property=\"article:modified_time\" content=\"2024-09-27T19:03:49+00:00\" \/>\n<meta property=\"og:image\" content=\"https:\/\/www.cssdd.gouv.qc.ca\/seduc-dev\/files\/2024\/09\/1-225x300.png\" \/>\n<meta name=\"twitter:card\" content=\"summary_large_image\" \/>\n<meta name=\"twitter:label1\" content=\"Dur\u00e9e de lecture estim\u00e9e\" \/>\n\t<meta name=\"twitter:data1\" content=\"1 minute\" \/>\n<script type=\"application\/ld+json\" class=\"yoast-schema-graph\">{\"@context\":\"https:\/\/schema.org\",\"@graph\":[{\"@type\":\"WebPage\",\"@id\":\"https:\/\/www.cssdd.gouv.qc.ca\/seduc-dev\/notre-service\/conseillers-pedagogiques\/\",\"url\":\"https:\/\/www.cssdd.gouv.qc.ca\/seduc-dev\/notre-service\/conseillers-pedagogiques\/\",\"name\":\"Conseillance p\u00e9dagogique - Services \u00e9ducatifs\",\"isPartOf\":{\"@id\":\"https:\/\/www.cssdd.gouv.qc.ca\/seduc-dev\/#website\"},\"primaryImageOfPage\":{\"@id\":\"https:\/\/www.cssdd.gouv.qc.ca\/seduc-dev\/notre-service\/conseillers-pedagogiques\/#primaryimage\"},\"image\":{\"@id\":\"https:\/\/www.cssdd.gouv.qc.ca\/seduc-dev\/notre-service\/conseillers-pedagogiques\/#primaryimage\"},\"thumbnailUrl\":\"https:\/\/www.cssdd.gouv.qc.ca\/seduc-dev\/files\/2024\/09\/1-225x300.png\",\"datePublished\":\"2024-06-27T15:07:10+00:00\",\"dateModified\":\"2024-09-27T19:03:49+00:00\",\"breadcrumb\":{\"@id\":\"https:\/\/www.cssdd.gouv.qc.ca\/seduc-dev\/notre-service\/conseillers-pedagogiques\/#breadcrumb\"},\"inLanguage\":\"fr-FR\",\"potentialAction\":[{\"@type\":\"ReadAction\",\"target\":[\"https:\/\/www.cssdd.gouv.qc.ca\/seduc-dev\/notre-service\/conseillers-pedagogiques\/\"]}]},{\"@type\":\"ImageObject\",\"inLanguage\":\"fr-FR\",\"@id\":\"https:\/\/www.cssdd.gouv.qc.ca\/seduc-dev\/notre-service\/conseillers-pedagogiques\/#primaryimage\",\"url\":\"https:\/\/www.cssdd.gouv.qc.ca\/seduc-dev\/files\/2024\/09\/1.png\",\"contentUrl\":\"https:\/\/www.cssdd.gouv.qc.ca\/seduc-dev\/files\/2024\/09\/1.png\",\"width\":960,\"height\":1280},{\"@type\":\"BreadcrumbList\",\"@id\":\"https:\/\/www.cssdd.gouv.qc.ca\/seduc-dev\/notre-service\/conseillers-pedagogiques\/#breadcrumb\",\"itemListElement\":[{\"@type\":\"ListItem\",\"position\":1,\"name\":\"Accueil\",\"item\":\"https:\/\/www.cssdd.gouv.qc.ca\/seduc-dev\/\"},{\"@type\":\"ListItem\",\"position\":2,\"name\":\"Accueil\",\"item\":\"https:\/\/www.cssdd.gouv.qc.ca\/seduc-dev\/\"},{\"@type\":\"ListItem\",\"position\":3,\"name\":\"Conseillance p\u00e9dagogique\"}]},{\"@type\":\"WebSite\",\"@id\":\"https:\/\/www.cssdd.gouv.qc.ca\/seduc-dev\/#website\",\"url\":\"https:\/\/www.cssdd.gouv.qc.ca\/seduc-dev\/\",\"name\":\"Services \u00e9ducatifs\",\"description\":\"\",\"publisher\":{\"@id\":\"https:\/\/www.cssdd.gouv.qc.ca\/seduc-dev\/#organization\"},\"potentialAction\":[{\"@type\":\"SearchAction\",\"target\":{\"@type\":\"EntryPoint\",\"urlTemplate\":\"https:\/\/www.cssdd.gouv.qc.ca\/seduc-dev\/?s={search_term_string}\"},\"query-input\":{\"@type\":\"PropertyValueSpecification\",\"valueRequired\":true,\"valueName\":\"search_term_string\"}}],\"inLanguage\":\"fr-FR\"},{\"@type\":\"Organization\",\"@id\":\"https:\/\/www.cssdd.gouv.qc.ca\/seduc-dev\/#organization\",\"name\":\"Services \u00e9ducatifs\",\"url\":\"https:\/\/www.cssdd.gouv.qc.ca\/seduc-dev\/\",\"logo\":{\"@type\":\"ImageObject\",\"inLanguage\":\"fr-FR\",\"@id\":\"https:\/\/www.cssdd.gouv.qc.ca\/seduc-dev\/#\/schema\/logo\/image\/\",\"url\":\"https:\/\/www.cssdd.gouv.qc.ca\/seduc-dev\/files\/2024\/06\/cropped-cropped-logo-5-1.png\",\"contentUrl\":\"https:\/\/www.cssdd.gouv.qc.ca\/seduc-dev\/files\/2024\/06\/cropped-cropped-logo-5-1.png\",\"width\":1035,\"height\":345,\"caption\":\"Services \u00e9ducatifs\"},\"image\":{\"@id\":\"https:\/\/www.cssdd.gouv.qc.ca\/seduc-dev\/#\/schema\/logo\/image\/\"}}]}<\/script>\n<!-- \/ Yoast SEO plugin. -->","yoast_head_json":{"title":"Conseillance p\u00e9dagogique - Services \u00e9ducatifs","robots":{"index":"index","follow":"follow","max-snippet":"max-snippet:-1","max-image-preview":"max-image-preview:large","max-video-preview":"max-video-preview:-1"},"canonical":"https:\/\/www.cssdd.gouv.qc.ca\/seduc-dev\/notre-service\/conseillers-pedagogiques\/","og_locale":"fr_FR","og_type":"article","og_title":"Conseillance p\u00e9dagogique - Services \u00e9ducatifs","og_description":"L&rsquo;\u00e9quipe du service de l&rsquo;organisation scolaire Marie-Pier Chiasson Technicienne en organisation scolaire # 4326 Marie-Pier Chiasson Technicienne en organisation scolaire #4236 Kym Laroche Technicienne en organisation scolaire # 4321-4192","og_url":"https:\/\/www.cssdd.gouv.qc.ca\/seduc-dev\/notre-service\/conseillers-pedagogiques\/","og_site_name":"Services \u00e9ducatifs","article_modified_time":"2024-09-27T19:03:49+00:00","og_image":[{"url":"https:\/\/www.cssdd.gouv.qc.ca\/seduc-dev\/files\/2024\/09\/1-225x300.png","type":"","width":"","height":""}],"twitter_card":"summary_large_image","twitter_misc":{"Dur\u00e9e de lecture estim\u00e9e":"1 minute"},"schema":{"@context":"https:\/\/schema.org","@graph":[{"@type":"WebPage","@id":"https:\/\/www.cssdd.gouv.qc.ca\/seduc-dev\/notre-service\/conseillers-pedagogiques\/","url":"https:\/\/www.cssdd.gouv.qc.ca\/seduc-dev\/notre-service\/conseillers-pedagogiques\/","name":"Conseillance p\u00e9dagogique - Services \u00e9ducatifs","isPartOf":{"@id":"https:\/\/www.cssdd.gouv.qc.ca\/seduc-dev\/#website"},"primaryImageOfPage":{"@id":"https:\/\/www.cssdd.gouv.qc.ca\/seduc-dev\/notre-service\/conseillers-pedagogiques\/#primaryimage"},"image":{"@id":"https:\/\/www.cssdd.gouv.qc.ca\/seduc-dev\/notre-service\/conseillers-pedagogiques\/#primaryimage"},"thumbnailUrl":"https:\/\/www.cssdd.gouv.qc.ca\/seduc-dev\/files\/2024\/09\/1-225x300.png","datePublished":"2024-06-27T15:07:10+00:00","dateModified":"2024-09-27T19:03:49+00:00","breadcrumb":{"@id":"https:\/\/www.cssdd.gouv.qc.ca\/seduc-dev\/notre-service\/conseillers-pedagogiques\/#breadcrumb"},"inLanguage":"fr-FR","potentialAction":[{"@type":"ReadAction","target":["https:\/\/www.cssdd.gouv.qc.ca\/seduc-dev\/notre-service\/conseillers-pedagogiques\/"]}]},{"@type":"ImageObject","inLanguage":"fr-FR","@id":"https:\/\/www.cssdd.gouv.qc.ca\/seduc-dev\/notre-service\/conseillers-pedagogiques\/#primaryimage","url":"https:\/\/www.cssdd.gouv.qc.ca\/seduc-dev\/files\/2024\/09\/1.png","contentUrl":"https:\/\/www.cssdd.gouv.qc.ca\/seduc-dev\/files\/2024\/09\/1.png","width":960,"height":1280},{"@type":"BreadcrumbList","@id":"https:\/\/www.cssdd.gouv.qc.ca\/seduc-dev\/notre-service\/conseillers-pedagogiques\/#breadcrumb","itemListElement":[{"@type":"ListItem","position":1,"name":"Accueil","item":"https:\/\/www.cssdd.gouv.qc.ca\/seduc-dev\/"},{"@type":"ListItem","position":2,"name":"Accueil","item":"https:\/\/www.cssdd.gouv.qc.ca\/seduc-dev\/"},{"@type":"ListItem","position":3,"name":"Conseillance p\u00e9dagogique"}]},{"@type":"WebSite","@id":"https:\/\/www.cssdd.gouv.qc.ca\/seduc-dev\/#website","url":"https:\/\/www.cssdd.gouv.qc.ca\/seduc-dev\/","name":"Services \u00e9ducatifs","description":"","publisher":{"@id":"https:\/\/www.cssdd.gouv.qc.ca\/seduc-dev\/#organization"},"potentialAction":[{"@type":"SearchAction","target":{"@type":"EntryPoint","urlTemplate":"https:\/\/www.cssdd.gouv.qc.ca\/seduc-dev\/?s={search_term_string}"},"query-input":{"@type":"PropertyValueSpecification","valueRequired":true,"valueName":"search_term_string"}}],"inLanguage":"fr-FR"},{"@type":"Organization","@id":"https:\/\/www.cssdd.gouv.qc.ca\/seduc-dev\/#organization","name":"Services \u00e9ducatifs","url":"https:\/\/www.cssdd.gouv.qc.ca\/seduc-dev\/","logo":{"@type":"ImageObject","inLanguage":"fr-FR","@id":"https:\/\/www.cssdd.gouv.qc.ca\/seduc-dev\/#\/schema\/logo\/image\/","url":"https:\/\/www.cssdd.gouv.qc.ca\/seduc-dev\/files\/2024\/06\/cropped-cropped-logo-5-1.png","contentUrl":"https:\/\/www.cssdd.gouv.qc.ca\/seduc-dev\/files\/2024\/06\/cropped-cropped-logo-5-1.png","width":1035,"height":345,"caption":"Services \u00e9ducatifs"},"image":{"@id":"https:\/\/www.cssdd.gouv.qc.ca\/seduc-dev\/#\/schema\/logo\/image\/"}}]}},"_links":{"self":[{"href":"https:\/\/www.cssdd.gouv.qc.ca\/seduc-dev\/wp-json\/wp\/v2\/pages\/65","targetHints":{"allow":["GET"]}}],"collection":[{"href":"https:\/\/www.cssdd.gouv.qc.ca\/seduc-dev\/wp-json\/wp\/v2\/pages"}],"about":[{"href":"https:\/\/www.cssdd.gouv.qc.ca\/seduc-dev\/wp-json\/wp\/v2\/types\/page"}],"author":[{"embeddable":true,"href":"https:\/\/www.cssdd.gouv.qc.ca\/seduc-dev\/wp-json\/wp\/v2\/users\/469"}],"replies":[{"embeddable":true,"href":"https:\/\/www.cssdd.gouv.qc.ca\/seduc-dev\/wp-json\/wp\/v2\/comments?post=65"}],"version-history":[{"count":5,"href":"https:\/\/www.cssdd.gouv.qc.ca\/seduc-dev\/wp-json\/wp\/v2\/pages\/65\/revisions"}],"predecessor-version":[{"id":344,"href":"https:\/\/www.cssdd.gouv.qc.ca\/seduc-dev\/wp-json\/wp\/v2\/pages\/65\/revisions\/344"}],"up":[{"embeddable":true,"href":"https:\/\/www.cssdd.gouv.qc.ca\/seduc-dev\/wp-json\/wp\/v2\/pages\/62"}],"wp:attachment":[{"href":"https:\/\/www.cssdd.gouv.qc.ca\/seduc-dev\/wp-json\/wp\/v2\/media?parent=65"}],"curies":[{"name":"wp","href":"https:\/\/api.w.org\/{rel}","templated":true}]}}