{"id":62,"date":"2024-06-27T11:06:50","date_gmt":"2024-06-27T15:06:50","guid":{"rendered":"https:\/\/www.cssdd.gouv.qc.ca\/seduc-dev\/?page_id=62"},"modified":"2025-02-19T09:53:07","modified_gmt":"2025-02-19T14:53:07","slug":"notre-service","status":"publish","type":"page","link":"https:\/\/www.cssdd.gouv.qc.ca\/seduc-dev\/","title":{"rendered":"Accueil"},"content":{"rendered":"\t\t<div data-elementor-type=\"wp-page\" data-elementor-id=\"62\" class=\"elementor elementor-62\" data-elementor-post-type=\"page\">\n\t\t\t\t<div class=\"elementor-element elementor-element-c814db5 e-flex e-con-boxed e-con e-parent\" data-id=\"c814db5\" data-element_type=\"container\">\n\t\t\t\t\t<div class=\"e-con-inner\">\n\t\t\t\t<div class=\"elementor-element elementor-element-63b0ebb elementor-widget-divider--view-line elementor-widget elementor-widget-divider\" data-id=\"63b0ebb\" data-element_type=\"widget\" data-widget_type=\"divider.default\">\n\t\t\t\t<div class=\"elementor-widget-container\">\n\t\t\t\t\t\t\t<div class=\"elementor-divider\">\n\t\t\t<span class=\"elementor-divider-separator\">\n\t\t\t\t\t\t<\/span>\n\t\t<\/div>\n\t\t\t\t\t\t<\/div>\n\t\t\t\t<\/div>\n\t\t\t\t\t<\/div>\n\t\t\t\t<\/div>\n\t\t<div class=\"elementor-element elementor-element-56d9a692 e-flex e-con-boxed e-con e-parent\" data-id=\"56d9a692\" data-element_type=\"container\">\n\t\t\t\t\t<div class=\"e-con-inner\">\n\t\t\t\t<div class=\"elementor-element elementor-element-836c5d7 elementor-widget__width-auto elementor-drop-cap-yes elementor-drop-cap-view-default elementor-widget elementor-widget-text-editor\" data-id=\"836c5d7\" data-element_type=\"widget\" data-settings=\"{&quot;drop_cap&quot;:&quot;yes&quot;}\" data-widget_type=\"text-editor.default\">\n\t\t\t\t<div class=\"elementor-widget-container\">\n\t\t\t\t\t\t\t\t\t<h3><span style=\"font-family: trebuchet ms, geneva, sans-serif\">\u00c0 PROPOS DES SERVICES \u00c9DUCATIFS<\/span><\/h3><div><span style=\"font-family: trebuchet ms, geneva, sans-serif\">\u00a0<\/span><\/div><p><span style=\"font-family: 'trebuchet ms', geneva, sans-serif\">Les Services \u00e9ducatifs assument un r\u00f4le de services, de conseils et de soutien \u00e0 la formation g\u00e9n\u00e9rale jeune (FGJ), adulte (FGA) et professionnelle (FP). Les Services \u00e9ducatifs ont \u00e9galement le mandat de s\u2019assurer que les orientations ou d\u00e9cisions prises soient en conformit\u00e9 avec les diff\u00e9rents encadrements l\u00e9gaux (LIP, R\u00e9gime p\u00e9dagogique, etc.) et Politiques diverses (EHDAA, organisation scolaire, etc.).<\/span><\/p><p><span style=\"font-family: 'trebuchet ms', geneva, sans-serif\">Les Services \u00e9ducatifs s\u2019associent aux diff\u00e9rents services de la Commission et \u00e0 ses \u00e9tablissements scolaires (primaires et secondaires) pour actualiser la mission de l\u2019organisation.<\/span><\/p><p><span style=\"font-family: 'trebuchet ms', geneva, sans-serif\">Principaux secteurs d\u2019activit\u00e9s :<\/span><\/p><ul><li><span style=\"font-family: 'trebuchet ms', geneva, sans-serif\">Organisation des services r\u00e9guliers et des services adapt\u00e9s aux besoins des \u00e9l\u00e8ves<\/span><\/li><li><span style=\"font-family: 'trebuchet ms', geneva, sans-serif\">R\u00e9partition des ressources \u00e9ducatives dans les \u00e9tablissements<\/span><\/li><li><span style=\"font-family: 'trebuchet ms', geneva, sans-serif\">Application des programmes d\u2019\u00e9tudes<\/span><\/li><li><span style=\"font-family: 'trebuchet ms', geneva, sans-serif\">\u00c9valuation des apprentissages (sessions d\u2019\u00e9valuation, bulletins, sanction des \u00e9tudes, etc.)<\/span><\/li><li><span style=\"font-family: 'trebuchet ms', geneva, sans-serif\">Services de garde en milieu scolaire<\/span><\/li><li><span style=\"font-family: 'trebuchet ms', geneva, sans-serif\">Organisation scolaire (admission et inscription des \u00e9l\u00e8ves, effectif scolaire, d\u00e9claration et validation de client\u00e8le EHDAA, entente de scolarisation, etc.);<\/span><\/li><li><span style=\"font-family: 'trebuchet ms', geneva, sans-serif\">Formation continue des enseignants et du personnel professionnel<\/span><\/li><li><span style=\"font-family: 'trebuchet ms', geneva, sans-serif\">Innovation et d\u00e9veloppement p\u00e9dagogique<\/span><\/li><li><span style=\"font-family: 'trebuchet ms', geneva, sans-serif\">R\u00e9ussite et pers\u00e9v\u00e9rance scolaire<\/span><\/li><li><span style=\"font-family: 'trebuchet ms', geneva, sans-serif\">Mise en \u0153uvre des programmes des services compl\u00e9mentaires (psychologie, orientation, psycho\u00e9ducation, orthop\u00e9dagogie, orthophonie, \u00e9ducation sp\u00e9cialis\u00e9e et animation \u00e0 la vie spirituelle et engagement communautaire)<\/span><\/li><li><span style=\"font-family: 'trebuchet ms', geneva, sans-serif\">Etc.<\/span><\/li><\/ul>\t\t\t\t\t\t\t\t<\/div>\n\t\t\t\t<\/div>\n\t\t\t\t\t<\/div>\n\t\t\t\t<\/div>\n\t\t\t\t<\/div>\n\t\t","protected":false},"excerpt":{"rendered":"<p>\u00c0 PROPOS DES SERVICES \u00c9DUCATIFS \u00a0 Les Services \u00e9ducatifs assument un r\u00f4le de services, de conseils et de soutien \u00e0 la formation g\u00e9n\u00e9rale jeune (FGJ), adulte (FGA) et professionnelle (FP). Les Services \u00e9ducatifs ont \u00e9galement le mandat de s\u2019assurer que les orientations ou d\u00e9cisions prises soient en conformit\u00e9 avec les diff\u00e9rents encadrements l\u00e9gaux (LIP, R\u00e9gime [&hellip;]<\/p>\n","protected":false},"author":469,"featured_media":0,"parent":0,"menu_order":0,"comment_status":"closed","ping_status":"closed","template":"","meta":{"site-sidebar-layout":"default","site-content-layout":"","ast-site-content-layout":"normal-width-container","site-content-style":"default","site-sidebar-style":"default","ast-global-header-display":"","ast-banner-title-visibility":"","ast-main-header-display":"","ast-hfb-above-header-display":"","ast-hfb-below-header-display":"","ast-hfb-mobile-header-display":"","site-post-title":"","ast-breadcrumbs-content":"","ast-featured-img":"","footer-sml-layout":"","ast-disable-related-posts":"","theme-transparent-header-meta":"default","adv-header-id-meta":"","stick-header-meta":"","header-above-stick-meta":"","header-main-stick-meta":"","header-below-stick-meta":"","astra-migrate-meta-layouts":"set","ast-page-background-enabled":"default","ast-page-background-meta":{"desktop":{"background-color":"var(--ast-global-color-4)","background-image":"","background-repeat":"repeat","background-position":"center center","background-size":"auto","background-attachment":"scroll","background-type":"","background-media":"","overlay-type":"","overlay-color":"","overlay-opacity":"","overlay-gradient":""},"tablet":{"background-color":"","background-image":"","background-repeat":"repeat","background-position":"center center","background-size":"auto","background-attachment":"scroll","background-type":"","background-media":"","overlay-type":"","overlay-color":"","overlay-opacity":"","overlay-gradient":""},"mobile":{"background-color":"","background-image":"","background-repeat":"repeat","background-position":"center center","background-size":"auto","background-attachment":"scroll","background-type":"","background-media":"","overlay-type":"","overlay-color":"","overlay-opacity":"","overlay-gradient":""}},"ast-content-background-meta":{"desktop":{"background-color":"var(--ast-global-color-5)","background-image":"","background-repeat":"repeat","background-position":"center center","background-size":"auto","background-attachment":"scroll","background-type":"","background-media":"","overlay-type":"","overlay-color":"","overlay-opacity":"","overlay-gradient":""},"tablet":{"background-color":"var(--ast-global-color-5)","background-image":"","background-repeat":"repeat","background-position":"center center","background-size":"auto","background-attachment":"scroll","background-type":"","background-media":"","overlay-type":"","overlay-color":"","overlay-opacity":"","overlay-gradient":""},"mobile":{"background-color":"var(--ast-global-color-5)","background-image":"","background-repeat":"repeat","background-position":"center center","background-size":"auto","background-attachment":"scroll","background-type":"","background-media":"","overlay-type":"","overlay-color":"","overlay-opacity":"","overlay-gradient":""}},"footnotes":""},"class_list":["post-62","page","type-page","status-publish","hentry"],"yoast_head":"<!-- This site is optimized with the Yoast SEO plugin v27.0 - https:\/\/yoast.com\/product\/yoast-seo-wordpress\/ -->\n<title>Accueil - Services \u00e9ducatifs<\/title>\n<meta name=\"robots\" content=\"index, follow, max-snippet:-1, max-image-preview:large, max-video-preview:-1\" \/>\n<link rel=\"canonical\" href=\"https:\/\/www.cssdd.gouv.qc.ca\/seduc-dev\/\" \/>\n<meta property=\"og:locale\" content=\"fr_FR\" \/>\n<meta property=\"og:type\" content=\"article\" \/>\n<meta property=\"og:title\" content=\"Accueil - Services \u00e9ducatifs\" \/>\n<meta property=\"og:description\" content=\"\u00c0 PROPOS DES SERVICES \u00c9DUCATIFS \u00a0 Les Services \u00e9ducatifs assument un r\u00f4le de services, de conseils et de soutien \u00e0 la formation g\u00e9n\u00e9rale jeune (FGJ), adulte (FGA) et professionnelle (FP). Les Services \u00e9ducatifs ont \u00e9galement le mandat de s\u2019assurer que les orientations ou d\u00e9cisions prises soient en conformit\u00e9 avec les diff\u00e9rents encadrements l\u00e9gaux (LIP, R\u00e9gime [&hellip;]\" \/>\n<meta property=\"og:url\" content=\"https:\/\/www.cssdd.gouv.qc.ca\/seduc-dev\/\" \/>\n<meta property=\"og:site_name\" content=\"Services \u00e9ducatifs\" \/>\n<meta property=\"article:modified_time\" content=\"2025-02-19T14:53:07+00:00\" \/>\n<meta name=\"twitter:card\" content=\"summary_large_image\" \/>\n<meta name=\"twitter:label1\" content=\"Dur\u00e9e de lecture estim\u00e9e\" \/>\n\t<meta name=\"twitter:data1\" content=\"1 minute\" \/>\n<script type=\"application\/ld+json\" class=\"yoast-schema-graph\">{\"@context\":\"https:\/\/schema.org\",\"@graph\":[{\"@type\":\"WebPage\",\"@id\":\"https:\/\/www.cssdd.gouv.qc.ca\/seduc-dev\/\",\"url\":\"https:\/\/www.cssdd.gouv.qc.ca\/seduc-dev\/\",\"name\":\"Accueil - Services \u00e9ducatifs\",\"isPartOf\":{\"@id\":\"https:\/\/www.cssdd.gouv.qc.ca\/seduc-dev\/#website\"},\"datePublished\":\"2024-06-27T15:06:50+00:00\",\"dateModified\":\"2025-02-19T14:53:07+00:00\",\"breadcrumb\":{\"@id\":\"https:\/\/www.cssdd.gouv.qc.ca\/seduc-dev\/#breadcrumb\"},\"inLanguage\":\"fr-FR\",\"potentialAction\":[{\"@type\":\"ReadAction\",\"target\":[\"https:\/\/www.cssdd.gouv.qc.ca\/seduc-dev\/\"]}]},{\"@type\":\"BreadcrumbList\",\"@id\":\"https:\/\/www.cssdd.gouv.qc.ca\/seduc-dev\/#breadcrumb\",\"itemListElement\":[{\"@type\":\"ListItem\",\"position\":1,\"name\":\"Accueil\",\"item\":\"https:\/\/www.cssdd.gouv.qc.ca\/seduc-dev\/\"},{\"@type\":\"ListItem\",\"position\":2,\"name\":\"Accueil\"}]},{\"@type\":\"WebSite\",\"@id\":\"https:\/\/www.cssdd.gouv.qc.ca\/seduc-dev\/#website\",\"url\":\"https:\/\/www.cssdd.gouv.qc.ca\/seduc-dev\/\",\"name\":\"Services \u00e9ducatifs\",\"description\":\"\",\"publisher\":{\"@id\":\"https:\/\/www.cssdd.gouv.qc.ca\/seduc-dev\/#organization\"},\"potentialAction\":[{\"@type\":\"SearchAction\",\"target\":{\"@type\":\"EntryPoint\",\"urlTemplate\":\"https:\/\/www.cssdd.gouv.qc.ca\/seduc-dev\/?s={search_term_string}\"},\"query-input\":{\"@type\":\"PropertyValueSpecification\",\"valueRequired\":true,\"valueName\":\"search_term_string\"}}],\"inLanguage\":\"fr-FR\"},{\"@type\":\"Organization\",\"@id\":\"https:\/\/www.cssdd.gouv.qc.ca\/seduc-dev\/#organization\",\"name\":\"Services \u00e9ducatifs\",\"url\":\"https:\/\/www.cssdd.gouv.qc.ca\/seduc-dev\/\",\"logo\":{\"@type\":\"ImageObject\",\"inLanguage\":\"fr-FR\",\"@id\":\"https:\/\/www.cssdd.gouv.qc.ca\/seduc-dev\/#\/schema\/logo\/image\/\",\"url\":\"https:\/\/www.cssdd.gouv.qc.ca\/seduc-dev\/files\/2024\/06\/cropped-cropped-logo-5-1.png\",\"contentUrl\":\"https:\/\/www.cssdd.gouv.qc.ca\/seduc-dev\/files\/2024\/06\/cropped-cropped-logo-5-1.png\",\"width\":1035,\"height\":345,\"caption\":\"Services \u00e9ducatifs\"},\"image\":{\"@id\":\"https:\/\/www.cssdd.gouv.qc.ca\/seduc-dev\/#\/schema\/logo\/image\/\"}}]}<\/script>\n<!-- \/ Yoast SEO plugin. -->","yoast_head_json":{"title":"Accueil - Services \u00e9ducatifs","robots":{"index":"index","follow":"follow","max-snippet":"max-snippet:-1","max-image-preview":"max-image-preview:large","max-video-preview":"max-video-preview:-1"},"canonical":"https:\/\/www.cssdd.gouv.qc.ca\/seduc-dev\/","og_locale":"fr_FR","og_type":"article","og_title":"Accueil - Services \u00e9ducatifs","og_description":"\u00c0 PROPOS DES SERVICES \u00c9DUCATIFS \u00a0 Les Services \u00e9ducatifs assument un r\u00f4le de services, de conseils et de soutien \u00e0 la formation g\u00e9n\u00e9rale jeune (FGJ), adulte (FGA) et professionnelle (FP). Les Services \u00e9ducatifs ont \u00e9galement le mandat de s\u2019assurer que les orientations ou d\u00e9cisions prises soient en conformit\u00e9 avec les diff\u00e9rents encadrements l\u00e9gaux (LIP, R\u00e9gime [&hellip;]","og_url":"https:\/\/www.cssdd.gouv.qc.ca\/seduc-dev\/","og_site_name":"Services \u00e9ducatifs","article_modified_time":"2025-02-19T14:53:07+00:00","twitter_card":"summary_large_image","twitter_misc":{"Dur\u00e9e de lecture estim\u00e9e":"1 minute"},"schema":{"@context":"https:\/\/schema.org","@graph":[{"@type":"WebPage","@id":"https:\/\/www.cssdd.gouv.qc.ca\/seduc-dev\/","url":"https:\/\/www.cssdd.gouv.qc.ca\/seduc-dev\/","name":"Accueil - Services \u00e9ducatifs","isPartOf":{"@id":"https:\/\/www.cssdd.gouv.qc.ca\/seduc-dev\/#website"},"datePublished":"2024-06-27T15:06:50+00:00","dateModified":"2025-02-19T14:53:07+00:00","breadcrumb":{"@id":"https:\/\/www.cssdd.gouv.qc.ca\/seduc-dev\/#breadcrumb"},"inLanguage":"fr-FR","potentialAction":[{"@type":"ReadAction","target":["https:\/\/www.cssdd.gouv.qc.ca\/seduc-dev\/"]}]},{"@type":"BreadcrumbList","@id":"https:\/\/www.cssdd.gouv.qc.ca\/seduc-dev\/#breadcrumb","itemListElement":[{"@type":"ListItem","position":1,"name":"Accueil","item":"https:\/\/www.cssdd.gouv.qc.ca\/seduc-dev\/"},{"@type":"ListItem","position":2,"name":"Accueil"}]},{"@type":"WebSite","@id":"https:\/\/www.cssdd.gouv.qc.ca\/seduc-dev\/#website","url":"https:\/\/www.cssdd.gouv.qc.ca\/seduc-dev\/","name":"Services \u00e9ducatifs","description":"","publisher":{"@id":"https:\/\/www.cssdd.gouv.qc.ca\/seduc-dev\/#organization"},"potentialAction":[{"@type":"SearchAction","target":{"@type":"EntryPoint","urlTemplate":"https:\/\/www.cssdd.gouv.qc.ca\/seduc-dev\/?s={search_term_string}"},"query-input":{"@type":"PropertyValueSpecification","valueRequired":true,"valueName":"search_term_string"}}],"inLanguage":"fr-FR"},{"@type":"Organization","@id":"https:\/\/www.cssdd.gouv.qc.ca\/seduc-dev\/#organization","name":"Services \u00e9ducatifs","url":"https:\/\/www.cssdd.gouv.qc.ca\/seduc-dev\/","logo":{"@type":"ImageObject","inLanguage":"fr-FR","@id":"https:\/\/www.cssdd.gouv.qc.ca\/seduc-dev\/#\/schema\/logo\/image\/","url":"https:\/\/www.cssdd.gouv.qc.ca\/seduc-dev\/files\/2024\/06\/cropped-cropped-logo-5-1.png","contentUrl":"https:\/\/www.cssdd.gouv.qc.ca\/seduc-dev\/files\/2024\/06\/cropped-cropped-logo-5-1.png","width":1035,"height":345,"caption":"Services \u00e9ducatifs"},"image":{"@id":"https:\/\/www.cssdd.gouv.qc.ca\/seduc-dev\/#\/schema\/logo\/image\/"}}]}},"_links":{"self":[{"href":"https:\/\/www.cssdd.gouv.qc.ca\/seduc-dev\/wp-json\/wp\/v2\/pages\/62","targetHints":{"allow":["GET"]}}],"collection":[{"href":"https:\/\/www.cssdd.gouv.qc.ca\/seduc-dev\/wp-json\/wp\/v2\/pages"}],"about":[{"href":"https:\/\/www.cssdd.gouv.qc.ca\/seduc-dev\/wp-json\/wp\/v2\/types\/page"}],"author":[{"embeddable":true,"href":"https:\/\/www.cssdd.gouv.qc.ca\/seduc-dev\/wp-json\/wp\/v2\/users\/469"}],"replies":[{"embeddable":true,"href":"https:\/\/www.cssdd.gouv.qc.ca\/seduc-dev\/wp-json\/wp\/v2\/comments?post=62"}],"version-history":[{"count":39,"href":"https:\/\/www.cssdd.gouv.qc.ca\/seduc-dev\/wp-json\/wp\/v2\/pages\/62\/revisions"}],"predecessor-version":[{"id":417,"href":"https:\/\/www.cssdd.gouv.qc.ca\/seduc-dev\/wp-json\/wp\/v2\/pages\/62\/revisions\/417"}],"wp:attachment":[{"href":"https:\/\/www.cssdd.gouv.qc.ca\/seduc-dev\/wp-json\/wp\/v2\/media?parent=62"}],"curies":[{"name":"wp","href":"https:\/\/api.w.org\/{rel}","templated":true}]}}