{"id":247,"date":"2024-09-24T16:23:38","date_gmt":"2024-09-24T20:23:38","guid":{"rendered":"https:\/\/www.cssdd.gouv.qc.ca\/seduc-dev\/?page_id=247"},"modified":"2024-09-27T14:22:44","modified_gmt":"2024-09-27T18:22:44","slug":"administration","status":"publish","type":"page","link":"https:\/\/www.cssdd.gouv.qc.ca\/seduc-dev\/notre-service\/administration\/","title":{"rendered":"Administration"},"content":{"rendered":"<table style=\"height: 798px;width: 100%;border-collapse: collapse\">\n<tbody>\n<tr style=\"height: 61px;background-color: #f4f5f9\">\n<td style=\"width: 99.9999%;height: 61px\" colspan=\"3\">\n<h3 style=\"text-align: center\"><span style=\"color: #000000\">L&rsquo;\u00e9quipe de gestion<\/span><\/h3>\n<\/td>\n<\/tr>\n<tr style=\"height: 394px\">\n<td style=\"width: 31.7473%;height: 394px\">\n<p style=\"text-align: center\"><img decoding=\"async\" class=\"wp-image-299 aligncenter\" src=\"https:\/\/www.cssdd.gouv.qc.ca\/seduc-dev\/files\/2024\/09\/1-225x300.png\" alt=\"\" width=\"173\" height=\"231\" srcset=\"https:\/\/www.cssdd.gouv.qc.ca\/seduc-dev\/files\/2024\/09\/1-225x300.png 225w, https:\/\/www.cssdd.gouv.qc.ca\/seduc-dev\/files\/2024\/09\/1-768x1024.png 768w, https:\/\/www.cssdd.gouv.qc.ca\/seduc-dev\/files\/2024\/09\/1.png 960w\" sizes=\"(max-width: 173px) 100vw, 173px\" \/><\/p>\n<h6 style=\"text-align: center\"><a href=\"mailto:isabelle.dore@cssdd.gouv.qc.ca\"><strong>Isabelle Dor\u00e9<\/strong><\/a><\/h6>\n<p style=\"text-align: center\">Directrice<\/p>\n<p style=\"text-align: center\">#5800<\/p>\n<\/td>\n<td style=\"width: 34.9193%;height: 394px\">\n<p style=\"text-align: center\"><img decoding=\"async\" class=\"wp-image-299 aligncenter\" src=\"https:\/\/www.cssdd.gouv.qc.ca\/seduc-dev\/files\/2024\/09\/1-225x300.png\" alt=\"\" width=\"173\" height=\"231\" srcset=\"https:\/\/www.cssdd.gouv.qc.ca\/seduc-dev\/files\/2024\/09\/1-225x300.png 225w, https:\/\/www.cssdd.gouv.qc.ca\/seduc-dev\/files\/2024\/09\/1-768x1024.png 768w, https:\/\/www.cssdd.gouv.qc.ca\/seduc-dev\/files\/2024\/09\/1.png 960w\" sizes=\"(max-width: 173px) 100vw, 173px\" \/><\/p>\n<h6 style=\"text-align: center\"><a href=\"mailto:genevieve.bussieres@cssdd.gouv.qc.ca\"><strong>Genevi\u00e8ve Bussi\u00e8res<\/strong><\/a><\/h6>\n<p style=\"text-align: center\">Directrice adjointe<\/p>\n<p style=\"text-align: center\"># 4216<\/p>\n<\/td>\n<td style=\"width: 33.3333%;height: 394px\">\n<p style=\"text-align: center\"><img decoding=\"async\" class=\"wp-image-299 aligncenter\" src=\"https:\/\/www.cssdd.gouv.qc.ca\/seduc-dev\/files\/2024\/09\/1-225x300.png\" alt=\"\" width=\"173\" height=\"231\" srcset=\"https:\/\/www.cssdd.gouv.qc.ca\/seduc-dev\/files\/2024\/09\/1-225x300.png 225w, https:\/\/www.cssdd.gouv.qc.ca\/seduc-dev\/files\/2024\/09\/1-768x1024.png 768w, https:\/\/www.cssdd.gouv.qc.ca\/seduc-dev\/files\/2024\/09\/1.png 960w\" sizes=\"(max-width: 173px) 100vw, 173px\" \/><\/p>\n<h6 style=\"text-align: center\"><a href=\"mailto:karine.gagnon@cssdd.gouv.qc.ca\"><strong>Karine Gagnon<\/strong><\/a><\/h6>\n<p style=\"text-align: center\">Directrice adjointe<\/p>\n<p style=\"text-align: center\"># 4230<\/p>\n<\/td>\n<\/tr>\n<tr style=\"height: 343px\">\n<td style=\"width: 31.7473%;height: 343px\">\n<p style=\"text-align: center\">\n<\/td>\n<td style=\"width: 34.9193%;height: 343px\">\n<p style=\"text-align: center\"><img decoding=\"async\" class=\"wp-image-299 aligncenter\" src=\"https:\/\/www.cssdd.gouv.qc.ca\/seduc-dev\/files\/2024\/09\/1-225x300.png\" alt=\"\" width=\"173\" height=\"231\" srcset=\"https:\/\/www.cssdd.gouv.qc.ca\/seduc-dev\/files\/2024\/09\/1-225x300.png 225w, https:\/\/www.cssdd.gouv.qc.ca\/seduc-dev\/files\/2024\/09\/1-768x1024.png 768w, https:\/\/www.cssdd.gouv.qc.ca\/seduc-dev\/files\/2024\/09\/1.png 960w\" sizes=\"(max-width: 173px) 100vw, 173px\" \/><\/p>\n<h6 style=\"text-align: center\"><a href=\"mailto:genevieve.st-pierre@cssdd.gouv.qc.ca\"><strong>Genevi\u00e8ve St-Pierre<\/strong><\/a><\/h6>\n<p style=\"text-align: center\">Coordonnatrice<\/p>\n<p style=\"text-align: center\"># 4228<\/p>\n<\/td>\n<td style=\"width: 33.3333%;height: 343px\">\n<p style=\"text-align: center\">\n<\/td>\n<\/tr>\n<\/tbody>\n<\/table>\n<table style=\"border-collapse: collapse;width: 100%\">\n<tbody>\n<tr style=\"background-color: #f4f5f9\">\n<td style=\"width: 99.9999%\" colspan=\"3\">\n<h3 style=\"text-align: center\"><span style=\"color: #333333\">L&rsquo;\u00e9quipe de soutien administratif<\/span><\/h3>\n<\/td>\n<\/tr>\n<tr>\n<td style=\"width: 31.7473%\">\n<p style=\"text-align: center\"><img decoding=\"async\" class=\"wp-image-299 aligncenter\" src=\"https:\/\/www.cssdd.gouv.qc.ca\/seduc-dev\/files\/2024\/09\/1-225x300.png\" alt=\"\" width=\"173\" height=\"231\" srcset=\"https:\/\/www.cssdd.gouv.qc.ca\/seduc-dev\/files\/2024\/09\/1-225x300.png 225w, https:\/\/www.cssdd.gouv.qc.ca\/seduc-dev\/files\/2024\/09\/1-768x1024.png 768w, https:\/\/www.cssdd.gouv.qc.ca\/seduc-dev\/files\/2024\/09\/1.png 960w\" sizes=\"(max-width: 173px) 100vw, 173px\" \/><\/p>\n<h6 style=\"text-align: center\">Audrey Ouellet<\/h6>\n<p style=\"text-align: center\">Secr\u00e9taire de gestion<\/p>\n<p style=\"text-align: center\">#4222<\/p>\n<\/td>\n<td style=\"width: 34.9193%\">\n<p style=\"text-align: center\"><img decoding=\"async\" class=\"wp-image-299 aligncenter\" src=\"https:\/\/www.cssdd.gouv.qc.ca\/seduc-dev\/files\/2024\/09\/1-225x300.png\" alt=\"\" width=\"173\" height=\"231\" srcset=\"https:\/\/www.cssdd.gouv.qc.ca\/seduc-dev\/files\/2024\/09\/1-225x300.png 225w, https:\/\/www.cssdd.gouv.qc.ca\/seduc-dev\/files\/2024\/09\/1-768x1024.png 768w, https:\/\/www.cssdd.gouv.qc.ca\/seduc-dev\/files\/2024\/09\/1.png 960w\" sizes=\"(max-width: 173px) 100vw, 173px\" \/><\/p>\n<h6 style=\"text-align: center\">Marina Kelly-Bolduc<\/h6>\n<p style=\"text-align: center\">Directrice adjointe<\/p>\n<p style=\"text-align: center\">#4299<\/p>\n<\/td>\n<td style=\"width: 33.3333%\"><\/td>\n<\/tr>\n<tr>\n<td style=\"width: 31.7473%\">\n<p style=\"text-align: center\"><img decoding=\"async\" class=\"wp-image-299 aligncenter\" src=\"https:\/\/www.cssdd.gouv.qc.ca\/seduc-dev\/files\/2024\/09\/1-225x300.png\" alt=\"\" width=\"173\" height=\"231\" srcset=\"https:\/\/www.cssdd.gouv.qc.ca\/seduc-dev\/files\/2024\/09\/1-225x300.png 225w, https:\/\/www.cssdd.gouv.qc.ca\/seduc-dev\/files\/2024\/09\/1-768x1024.png 768w, https:\/\/www.cssdd.gouv.qc.ca\/seduc-dev\/files\/2024\/09\/1.png 960w\" sizes=\"(max-width: 173px) 100vw, 173px\" \/><\/p>\n<h6 style=\"text-align: center\">Imen Ben Cheikh<\/h6>\n<p style=\"text-align: center\">Agente de bureau<\/p>\n<p style=\"text-align: center\">#4174<\/p>\n<\/td>\n<td style=\"width: 34.9193%\">\n<p style=\"text-align: center\"><img decoding=\"async\" class=\"wp-image-299 aligncenter\" src=\"https:\/\/www.cssdd.gouv.qc.ca\/seduc-dev\/files\/2024\/09\/1-225x300.png\" alt=\"\" width=\"173\" height=\"231\" srcset=\"https:\/\/www.cssdd.gouv.qc.ca\/seduc-dev\/files\/2024\/09\/1-225x300.png 225w, https:\/\/www.cssdd.gouv.qc.ca\/seduc-dev\/files\/2024\/09\/1-768x1024.png 768w, https:\/\/www.cssdd.gouv.qc.ca\/seduc-dev\/files\/2024\/09\/1.png 960w\" sizes=\"(max-width: 173px) 100vw, 173px\" \/><\/p>\n<h6 style=\"text-align: center\"><strong>Sophie Tremblay<\/strong><\/h6>\n<p style=\"text-align: center\">Agente de bureau<\/p>\n<p style=\"text-align: center\">#4164<\/p>\n<\/td>\n<td style=\"width: 33.3333%\">\n<p style=\"text-align: center\"><img decoding=\"async\" class=\"wp-image-299 aligncenter\" src=\"https:\/\/www.cssdd.gouv.qc.ca\/seduc-dev\/files\/2024\/09\/1-225x300.png\" alt=\"\" width=\"173\" height=\"231\" srcset=\"https:\/\/www.cssdd.gouv.qc.ca\/seduc-dev\/files\/2024\/09\/1-225x300.png 225w, https:\/\/www.cssdd.gouv.qc.ca\/seduc-dev\/files\/2024\/09\/1-768x1024.png 768w, https:\/\/www.cssdd.gouv.qc.ca\/seduc-dev\/files\/2024\/09\/1.png 960w\" sizes=\"(max-width: 173px) 100vw, 173px\" \/><\/p>\n<h6 style=\"text-align: center\"><strong>Sylvie Nicole<\/strong><\/h6>\n<p style=\"text-align: center\">Agente de bureau<\/p>\n<p style=\"text-align: center\"># 4238 et 4115<\/p>\n<\/td>\n<\/tr>\n<\/tbody>\n<\/table>\n","protected":false},"excerpt":{"rendered":"<p>L&rsquo;\u00e9quipe de gestion Isabelle Dor\u00e9 Directrice #5800 Genevi\u00e8ve Bussi\u00e8res Directrice adjointe # 4216 Karine Gagnon Directrice adjointe # 4230 Genevi\u00e8ve St-Pierre Coordonnatrice # 4228 L&rsquo;\u00e9quipe de soutien administratif Audrey Ouellet Secr\u00e9taire de gestion #4222 Marina Kelly-Bolduc Directrice adjointe #4299 Imen Ben Cheikh Agente de bureau #4174 Sophie Tremblay Agente de bureau #4164 Sylvie Nicole Agente [&hellip;]<\/p>\n","protected":false},"author":469,"featured_media":0,"parent":62,"menu_order":0,"comment_status":"closed","ping_status":"closed","template":"","meta":{"site-sidebar-layout":"default","site-content-layout":"","ast-site-content-layout":"default","site-content-style":"default","site-sidebar-style":"default","ast-global-header-display":"","ast-banner-title-visibility":"","ast-main-header-display":"","ast-hfb-above-header-display":"","ast-hfb-below-header-display":"","ast-hfb-mobile-header-display":"","site-post-title":"","ast-breadcrumbs-content":"","ast-featured-img":"","footer-sml-layout":"","ast-disable-related-posts":"","theme-transparent-header-meta":"default","adv-header-id-meta":"","stick-header-meta":"","header-above-stick-meta":"","header-main-stick-meta":"","header-below-stick-meta":"","astra-migrate-meta-layouts":"set","ast-page-background-enabled":"default","ast-page-background-meta":{"desktop":{"background-color":"var(--ast-global-color-4)","background-image":"","background-repeat":"repeat","background-position":"center center","background-size":"auto","background-attachment":"scroll","background-type":"","background-media":"","overlay-type":"","overlay-color":"","overlay-opacity":"","overlay-gradient":""},"tablet":{"background-color":"","background-image":"","background-repeat":"repeat","background-position":"center center","background-size":"auto","background-attachment":"scroll","background-type":"","background-media":"","overlay-type":"","overlay-color":"","overlay-opacity":"","overlay-gradient":""},"mobile":{"background-color":"","background-image":"","background-repeat":"repeat","background-position":"center center","background-size":"auto","background-attachment":"scroll","background-type":"","background-media":"","overlay-type":"","overlay-color":"","overlay-opacity":"","overlay-gradient":""}},"ast-content-background-meta":{"desktop":{"background-color":"var(--ast-global-color-5)","background-image":"","background-repeat":"repeat","background-position":"center center","background-size":"auto","background-attachment":"scroll","background-type":"","background-media":"","overlay-type":"","overlay-color":"","overlay-opacity":"","overlay-gradient":""},"tablet":{"background-color":"var(--ast-global-color-5)","background-image":"","background-repeat":"repeat","background-position":"center center","background-size":"auto","background-attachment":"scroll","background-type":"","background-media":"","overlay-type":"","overlay-color":"","overlay-opacity":"","overlay-gradient":""},"mobile":{"background-color":"var(--ast-global-color-5)","background-image":"","background-repeat":"repeat","background-position":"center center","background-size":"auto","background-attachment":"scroll","background-type":"","background-media":"","overlay-type":"","overlay-color":"","overlay-opacity":"","overlay-gradient":""}},"footnotes":""},"class_list":["post-247","page","type-page","status-publish","hentry"],"yoast_head":"<!-- This site is optimized with the Yoast SEO plugin v27.0 - https:\/\/yoast.com\/product\/yoast-seo-wordpress\/ -->\n<title>Administration - Services \u00e9ducatifs<\/title>\n<meta name=\"robots\" content=\"index, follow, max-snippet:-1, max-image-preview:large, max-video-preview:-1\" \/>\n<link rel=\"canonical\" href=\"https:\/\/www.cssdd.gouv.qc.ca\/seduc-dev\/notre-service\/administration\/\" \/>\n<meta property=\"og:locale\" content=\"fr_FR\" \/>\n<meta property=\"og:type\" content=\"article\" \/>\n<meta property=\"og:title\" content=\"Administration - Services \u00e9ducatifs\" \/>\n<meta property=\"og:description\" content=\"L&rsquo;\u00e9quipe de gestion Isabelle Dor\u00e9 Directrice #5800 Genevi\u00e8ve Bussi\u00e8res Directrice adjointe # 4216 Karine Gagnon Directrice adjointe # 4230 Genevi\u00e8ve St-Pierre Coordonnatrice # 4228 L&rsquo;\u00e9quipe de soutien administratif Audrey Ouellet Secr\u00e9taire de gestion #4222 Marina Kelly-Bolduc Directrice adjointe #4299 Imen Ben Cheikh Agente de bureau #4174 Sophie Tremblay Agente de bureau #4164 Sylvie Nicole Agente [&hellip;]\" \/>\n<meta property=\"og:url\" content=\"https:\/\/www.cssdd.gouv.qc.ca\/seduc-dev\/notre-service\/administration\/\" \/>\n<meta property=\"og:site_name\" content=\"Services \u00e9ducatifs\" \/>\n<meta property=\"article:modified_time\" content=\"2024-09-27T18:22:44+00:00\" \/>\n<meta property=\"og:image\" content=\"https:\/\/www.cssdd.gouv.qc.ca\/seduc-dev\/files\/2024\/09\/1-225x300.png\" \/>\n<meta name=\"twitter:card\" content=\"summary_large_image\" \/>\n<meta name=\"twitter:label1\" content=\"Dur\u00e9e de lecture estim\u00e9e\" \/>\n\t<meta name=\"twitter:data1\" content=\"3 minutes\" \/>\n<script type=\"application\/ld+json\" class=\"yoast-schema-graph\">{\"@context\":\"https:\/\/schema.org\",\"@graph\":[{\"@type\":\"WebPage\",\"@id\":\"https:\/\/www.cssdd.gouv.qc.ca\/seduc-dev\/notre-service\/administration\/\",\"url\":\"https:\/\/www.cssdd.gouv.qc.ca\/seduc-dev\/notre-service\/administration\/\",\"name\":\"Administration - Services \u00e9ducatifs\",\"isPartOf\":{\"@id\":\"https:\/\/www.cssdd.gouv.qc.ca\/seduc-dev\/#website\"},\"primaryImageOfPage\":{\"@id\":\"https:\/\/www.cssdd.gouv.qc.ca\/seduc-dev\/notre-service\/administration\/#primaryimage\"},\"image\":{\"@id\":\"https:\/\/www.cssdd.gouv.qc.ca\/seduc-dev\/notre-service\/administration\/#primaryimage\"},\"thumbnailUrl\":\"https:\/\/www.cssdd.gouv.qc.ca\/seduc-dev\/files\/2024\/09\/1-225x300.png\",\"datePublished\":\"2024-09-24T20:23:38+00:00\",\"dateModified\":\"2024-09-27T18:22:44+00:00\",\"breadcrumb\":{\"@id\":\"https:\/\/www.cssdd.gouv.qc.ca\/seduc-dev\/notre-service\/administration\/#breadcrumb\"},\"inLanguage\":\"fr-FR\",\"potentialAction\":[{\"@type\":\"ReadAction\",\"target\":[\"https:\/\/www.cssdd.gouv.qc.ca\/seduc-dev\/notre-service\/administration\/\"]}]},{\"@type\":\"ImageObject\",\"inLanguage\":\"fr-FR\",\"@id\":\"https:\/\/www.cssdd.gouv.qc.ca\/seduc-dev\/notre-service\/administration\/#primaryimage\",\"url\":\"https:\/\/www.cssdd.gouv.qc.ca\/seduc-dev\/files\/2024\/09\/1.png\",\"contentUrl\":\"https:\/\/www.cssdd.gouv.qc.ca\/seduc-dev\/files\/2024\/09\/1.png\",\"width\":960,\"height\":1280},{\"@type\":\"BreadcrumbList\",\"@id\":\"https:\/\/www.cssdd.gouv.qc.ca\/seduc-dev\/notre-service\/administration\/#breadcrumb\",\"itemListElement\":[{\"@type\":\"ListItem\",\"position\":1,\"name\":\"Accueil\",\"item\":\"https:\/\/www.cssdd.gouv.qc.ca\/seduc-dev\/\"},{\"@type\":\"ListItem\",\"position\":2,\"name\":\"Accueil\",\"item\":\"https:\/\/www.cssdd.gouv.qc.ca\/seduc-dev\/\"},{\"@type\":\"ListItem\",\"position\":3,\"name\":\"Administration\"}]},{\"@type\":\"WebSite\",\"@id\":\"https:\/\/www.cssdd.gouv.qc.ca\/seduc-dev\/#website\",\"url\":\"https:\/\/www.cssdd.gouv.qc.ca\/seduc-dev\/\",\"name\":\"Services \u00e9ducatifs\",\"description\":\"\",\"publisher\":{\"@id\":\"https:\/\/www.cssdd.gouv.qc.ca\/seduc-dev\/#organization\"},\"potentialAction\":[{\"@type\":\"SearchAction\",\"target\":{\"@type\":\"EntryPoint\",\"urlTemplate\":\"https:\/\/www.cssdd.gouv.qc.ca\/seduc-dev\/?s={search_term_string}\"},\"query-input\":{\"@type\":\"PropertyValueSpecification\",\"valueRequired\":true,\"valueName\":\"search_term_string\"}}],\"inLanguage\":\"fr-FR\"},{\"@type\":\"Organization\",\"@id\":\"https:\/\/www.cssdd.gouv.qc.ca\/seduc-dev\/#organization\",\"name\":\"Services \u00e9ducatifs\",\"url\":\"https:\/\/www.cssdd.gouv.qc.ca\/seduc-dev\/\",\"logo\":{\"@type\":\"ImageObject\",\"inLanguage\":\"fr-FR\",\"@id\":\"https:\/\/www.cssdd.gouv.qc.ca\/seduc-dev\/#\/schema\/logo\/image\/\",\"url\":\"https:\/\/www.cssdd.gouv.qc.ca\/seduc-dev\/files\/2024\/06\/cropped-cropped-logo-5-1.png\",\"contentUrl\":\"https:\/\/www.cssdd.gouv.qc.ca\/seduc-dev\/files\/2024\/06\/cropped-cropped-logo-5-1.png\",\"width\":1035,\"height\":345,\"caption\":\"Services \u00e9ducatifs\"},\"image\":{\"@id\":\"https:\/\/www.cssdd.gouv.qc.ca\/seduc-dev\/#\/schema\/logo\/image\/\"}}]}<\/script>\n<!-- \/ Yoast SEO plugin. -->","yoast_head_json":{"title":"Administration - Services \u00e9ducatifs","robots":{"index":"index","follow":"follow","max-snippet":"max-snippet:-1","max-image-preview":"max-image-preview:large","max-video-preview":"max-video-preview:-1"},"canonical":"https:\/\/www.cssdd.gouv.qc.ca\/seduc-dev\/notre-service\/administration\/","og_locale":"fr_FR","og_type":"article","og_title":"Administration - Services \u00e9ducatifs","og_description":"L&rsquo;\u00e9quipe de gestion Isabelle Dor\u00e9 Directrice #5800 Genevi\u00e8ve Bussi\u00e8res Directrice adjointe # 4216 Karine Gagnon Directrice adjointe # 4230 Genevi\u00e8ve St-Pierre Coordonnatrice # 4228 L&rsquo;\u00e9quipe de soutien administratif Audrey Ouellet Secr\u00e9taire de gestion #4222 Marina Kelly-Bolduc Directrice adjointe #4299 Imen Ben Cheikh Agente de bureau #4174 Sophie Tremblay Agente de bureau #4164 Sylvie Nicole Agente [&hellip;]","og_url":"https:\/\/www.cssdd.gouv.qc.ca\/seduc-dev\/notre-service\/administration\/","og_site_name":"Services \u00e9ducatifs","article_modified_time":"2024-09-27T18:22:44+00:00","og_image":[{"url":"https:\/\/www.cssdd.gouv.qc.ca\/seduc-dev\/files\/2024\/09\/1-225x300.png","type":"","width":"","height":""}],"twitter_card":"summary_large_image","twitter_misc":{"Dur\u00e9e de lecture estim\u00e9e":"3 minutes"},"schema":{"@context":"https:\/\/schema.org","@graph":[{"@type":"WebPage","@id":"https:\/\/www.cssdd.gouv.qc.ca\/seduc-dev\/notre-service\/administration\/","url":"https:\/\/www.cssdd.gouv.qc.ca\/seduc-dev\/notre-service\/administration\/","name":"Administration - Services \u00e9ducatifs","isPartOf":{"@id":"https:\/\/www.cssdd.gouv.qc.ca\/seduc-dev\/#website"},"primaryImageOfPage":{"@id":"https:\/\/www.cssdd.gouv.qc.ca\/seduc-dev\/notre-service\/administration\/#primaryimage"},"image":{"@id":"https:\/\/www.cssdd.gouv.qc.ca\/seduc-dev\/notre-service\/administration\/#primaryimage"},"thumbnailUrl":"https:\/\/www.cssdd.gouv.qc.ca\/seduc-dev\/files\/2024\/09\/1-225x300.png","datePublished":"2024-09-24T20:23:38+00:00","dateModified":"2024-09-27T18:22:44+00:00","breadcrumb":{"@id":"https:\/\/www.cssdd.gouv.qc.ca\/seduc-dev\/notre-service\/administration\/#breadcrumb"},"inLanguage":"fr-FR","potentialAction":[{"@type":"ReadAction","target":["https:\/\/www.cssdd.gouv.qc.ca\/seduc-dev\/notre-service\/administration\/"]}]},{"@type":"ImageObject","inLanguage":"fr-FR","@id":"https:\/\/www.cssdd.gouv.qc.ca\/seduc-dev\/notre-service\/administration\/#primaryimage","url":"https:\/\/www.cssdd.gouv.qc.ca\/seduc-dev\/files\/2024\/09\/1.png","contentUrl":"https:\/\/www.cssdd.gouv.qc.ca\/seduc-dev\/files\/2024\/09\/1.png","width":960,"height":1280},{"@type":"BreadcrumbList","@id":"https:\/\/www.cssdd.gouv.qc.ca\/seduc-dev\/notre-service\/administration\/#breadcrumb","itemListElement":[{"@type":"ListItem","position":1,"name":"Accueil","item":"https:\/\/www.cssdd.gouv.qc.ca\/seduc-dev\/"},{"@type":"ListItem","position":2,"name":"Accueil","item":"https:\/\/www.cssdd.gouv.qc.ca\/seduc-dev\/"},{"@type":"ListItem","position":3,"name":"Administration"}]},{"@type":"WebSite","@id":"https:\/\/www.cssdd.gouv.qc.ca\/seduc-dev\/#website","url":"https:\/\/www.cssdd.gouv.qc.ca\/seduc-dev\/","name":"Services \u00e9ducatifs","description":"","publisher":{"@id":"https:\/\/www.cssdd.gouv.qc.ca\/seduc-dev\/#organization"},"potentialAction":[{"@type":"SearchAction","target":{"@type":"EntryPoint","urlTemplate":"https:\/\/www.cssdd.gouv.qc.ca\/seduc-dev\/?s={search_term_string}"},"query-input":{"@type":"PropertyValueSpecification","valueRequired":true,"valueName":"search_term_string"}}],"inLanguage":"fr-FR"},{"@type":"Organization","@id":"https:\/\/www.cssdd.gouv.qc.ca\/seduc-dev\/#organization","name":"Services \u00e9ducatifs","url":"https:\/\/www.cssdd.gouv.qc.ca\/seduc-dev\/","logo":{"@type":"ImageObject","inLanguage":"fr-FR","@id":"https:\/\/www.cssdd.gouv.qc.ca\/seduc-dev\/#\/schema\/logo\/image\/","url":"https:\/\/www.cssdd.gouv.qc.ca\/seduc-dev\/files\/2024\/06\/cropped-cropped-logo-5-1.png","contentUrl":"https:\/\/www.cssdd.gouv.qc.ca\/seduc-dev\/files\/2024\/06\/cropped-cropped-logo-5-1.png","width":1035,"height":345,"caption":"Services \u00e9ducatifs"},"image":{"@id":"https:\/\/www.cssdd.gouv.qc.ca\/seduc-dev\/#\/schema\/logo\/image\/"}}]}},"_links":{"self":[{"href":"https:\/\/www.cssdd.gouv.qc.ca\/seduc-dev\/wp-json\/wp\/v2\/pages\/247","targetHints":{"allow":["GET"]}}],"collection":[{"href":"https:\/\/www.cssdd.gouv.qc.ca\/seduc-dev\/wp-json\/wp\/v2\/pages"}],"about":[{"href":"https:\/\/www.cssdd.gouv.qc.ca\/seduc-dev\/wp-json\/wp\/v2\/types\/page"}],"author":[{"embeddable":true,"href":"https:\/\/www.cssdd.gouv.qc.ca\/seduc-dev\/wp-json\/wp\/v2\/users\/469"}],"replies":[{"embeddable":true,"href":"https:\/\/www.cssdd.gouv.qc.ca\/seduc-dev\/wp-json\/wp\/v2\/comments?post=247"}],"version-history":[{"count":11,"href":"https:\/\/www.cssdd.gouv.qc.ca\/seduc-dev\/wp-json\/wp\/v2\/pages\/247\/revisions"}],"predecessor-version":[{"id":321,"href":"https:\/\/www.cssdd.gouv.qc.ca\/seduc-dev\/wp-json\/wp\/v2\/pages\/247\/revisions\/321"}],"up":[{"embeddable":true,"href":"https:\/\/www.cssdd.gouv.qc.ca\/seduc-dev\/wp-json\/wp\/v2\/pages\/62"}],"wp:attachment":[{"href":"https:\/\/www.cssdd.gouv.qc.ca\/seduc-dev\/wp-json\/wp\/v2\/media?parent=247"}],"curies":[{"name":"wp","href":"https:\/\/api.w.org\/{rel}","templated":true}]}}