{"id":116,"date":"2024-06-27T12:14:30","date_gmt":"2024-06-27T16:14:30","guid":{"rendered":"https:\/\/www.cssdd.gouv.qc.ca\/seduc-dev\/?page_id=116"},"modified":"2024-06-27T12:14:30","modified_gmt":"2024-06-27T16:14:30","slug":"soutien-a-leleve","status":"publish","type":"page","link":"https:\/\/www.cssdd.gouv.qc.ca\/seduc-dev\/soutien-a-leleve\/","title":{"rendered":"Soutien \u00e0 l&rsquo;\u00e9l\u00e8ve"},"content":{"rendered":"","protected":false},"excerpt":{"rendered":"","protected":false},"author":469,"featured_media":0,"parent":0,"menu_order":0,"comment_status":"closed","ping_status":"closed","template":"","meta":{"site-sidebar-layout":"default","site-content-layout":"","ast-site-content-layout":"default","site-content-style":"default","site-sidebar-style":"default","ast-global-header-display":"","ast-banner-title-visibility":"","ast-main-header-display":"","ast-hfb-above-header-display":"","ast-hfb-below-header-display":"","ast-hfb-mobile-header-display":"","site-post-title":"","ast-breadcrumbs-content":"","ast-featured-img":"","footer-sml-layout":"","ast-disable-related-posts":"","theme-transparent-header-meta":"","adv-header-id-meta":"","stick-header-meta":"","header-above-stick-meta":"","header-main-stick-meta":"","header-below-stick-meta":"","astra-migrate-meta-layouts":"default","ast-page-background-enabled":"default","ast-page-background-meta":{"desktop":{"background-color":"var(--ast-global-color-4)","background-image":"","background-repeat":"repeat","background-position":"center center","background-size":"auto","background-attachment":"scroll","background-type":"","background-media":"","overlay-type":"","overlay-color":"","overlay-opacity":"","overlay-gradient":""},"tablet":{"background-color":"","background-image":"","background-repeat":"repeat","background-position":"center center","background-size":"auto","background-attachment":"scroll","background-type":"","background-media":"","overlay-type":"","overlay-color":"","overlay-opacity":"","overlay-gradient":""},"mobile":{"background-color":"","background-image":"","background-repeat":"repeat","background-position":"center center","background-size":"auto","background-attachment":"scroll","background-type":"","background-media":"","overlay-type":"","overlay-color":"","overlay-opacity":"","overlay-gradient":""}},"ast-content-background-meta":{"desktop":{"background-color":"var(--ast-global-color-5)","background-image":"","background-repeat":"repeat","background-position":"center center","background-size":"auto","background-attachment":"scroll","background-type":"","background-media":"","overlay-type":"","overlay-color":"","overlay-opacity":"","overlay-gradient":""},"tablet":{"background-color":"var(--ast-global-color-5)","background-image":"","background-repeat":"repeat","background-position":"center center","background-size":"auto","background-attachment":"scroll","background-type":"","background-media":"","overlay-type":"","overlay-color":"","overlay-opacity":"","overlay-gradient":""},"mobile":{"background-color":"var(--ast-global-color-5)","background-image":"","background-repeat":"repeat","background-position":"center center","background-size":"auto","background-attachment":"scroll","background-type":"","background-media":"","overlay-type":"","overlay-color":"","overlay-opacity":"","overlay-gradient":""}},"footnotes":""},"class_list":["post-116","page","type-page","status-publish","hentry"],"yoast_head":"<!-- This site is optimized with the Yoast SEO plugin v27.0 - https:\/\/yoast.com\/product\/yoast-seo-wordpress\/ -->\n<title>Soutien \u00e0 l&#039;\u00e9l\u00e8ve - Services \u00e9ducatifs<\/title>\n<meta name=\"robots\" content=\"index, follow, max-snippet:-1, max-image-preview:large, max-video-preview:-1\" \/>\n<link rel=\"canonical\" href=\"https:\/\/www.cssdd.gouv.qc.ca\/seduc-dev\/soutien-a-leleve\/\" \/>\n<meta property=\"og:locale\" content=\"fr_FR\" \/>\n<meta property=\"og:type\" content=\"article\" \/>\n<meta property=\"og:title\" content=\"Soutien \u00e0 l&#039;\u00e9l\u00e8ve - Services \u00e9ducatifs\" \/>\n<meta property=\"og:url\" content=\"https:\/\/www.cssdd.gouv.qc.ca\/seduc-dev\/soutien-a-leleve\/\" \/>\n<meta property=\"og:site_name\" content=\"Services \u00e9ducatifs\" \/>\n<meta name=\"twitter:card\" content=\"summary_large_image\" \/>\n<script type=\"application\/ld+json\" class=\"yoast-schema-graph\">{\"@context\":\"https:\/\/schema.org\",\"@graph\":[{\"@type\":\"WebPage\",\"@id\":\"https:\/\/www.cssdd.gouv.qc.ca\/seduc-dev\/soutien-a-leleve\/\",\"url\":\"https:\/\/www.cssdd.gouv.qc.ca\/seduc-dev\/soutien-a-leleve\/\",\"name\":\"Soutien \u00e0 l'\u00e9l\u00e8ve - Services \u00e9ducatifs\",\"isPartOf\":{\"@id\":\"https:\/\/www.cssdd.gouv.qc.ca\/seduc-dev\/#website\"},\"datePublished\":\"2024-06-27T16:14:30+00:00\",\"breadcrumb\":{\"@id\":\"https:\/\/www.cssdd.gouv.qc.ca\/seduc-dev\/soutien-a-leleve\/#breadcrumb\"},\"inLanguage\":\"fr-FR\",\"potentialAction\":[{\"@type\":\"ReadAction\",\"target\":[\"https:\/\/www.cssdd.gouv.qc.ca\/seduc-dev\/soutien-a-leleve\/\"]}]},{\"@type\":\"BreadcrumbList\",\"@id\":\"https:\/\/www.cssdd.gouv.qc.ca\/seduc-dev\/soutien-a-leleve\/#breadcrumb\",\"itemListElement\":[{\"@type\":\"ListItem\",\"position\":1,\"name\":\"Accueil\",\"item\":\"https:\/\/www.cssdd.gouv.qc.ca\/seduc-dev\/\"},{\"@type\":\"ListItem\",\"position\":2,\"name\":\"Soutien \u00e0 l&#8217;\u00e9l\u00e8ve\"}]},{\"@type\":\"WebSite\",\"@id\":\"https:\/\/www.cssdd.gouv.qc.ca\/seduc-dev\/#website\",\"url\":\"https:\/\/www.cssdd.gouv.qc.ca\/seduc-dev\/\",\"name\":\"Services \u00e9ducatifs\",\"description\":\"\",\"publisher\":{\"@id\":\"https:\/\/www.cssdd.gouv.qc.ca\/seduc-dev\/#organization\"},\"potentialAction\":[{\"@type\":\"SearchAction\",\"target\":{\"@type\":\"EntryPoint\",\"urlTemplate\":\"https:\/\/www.cssdd.gouv.qc.ca\/seduc-dev\/?s={search_term_string}\"},\"query-input\":{\"@type\":\"PropertyValueSpecification\",\"valueRequired\":true,\"valueName\":\"search_term_string\"}}],\"inLanguage\":\"fr-FR\"},{\"@type\":\"Organization\",\"@id\":\"https:\/\/www.cssdd.gouv.qc.ca\/seduc-dev\/#organization\",\"name\":\"Services \u00e9ducatifs\",\"url\":\"https:\/\/www.cssdd.gouv.qc.ca\/seduc-dev\/\",\"logo\":{\"@type\":\"ImageObject\",\"inLanguage\":\"fr-FR\",\"@id\":\"https:\/\/www.cssdd.gouv.qc.ca\/seduc-dev\/#\/schema\/logo\/image\/\",\"url\":\"https:\/\/www.cssdd.gouv.qc.ca\/seduc-dev\/files\/2024\/06\/cropped-cropped-logo-5-1.png\",\"contentUrl\":\"https:\/\/www.cssdd.gouv.qc.ca\/seduc-dev\/files\/2024\/06\/cropped-cropped-logo-5-1.png\",\"width\":1035,\"height\":345,\"caption\":\"Services \u00e9ducatifs\"},\"image\":{\"@id\":\"https:\/\/www.cssdd.gouv.qc.ca\/seduc-dev\/#\/schema\/logo\/image\/\"}}]}<\/script>\n<!-- \/ Yoast SEO plugin. -->","yoast_head_json":{"title":"Soutien \u00e0 l'\u00e9l\u00e8ve - Services \u00e9ducatifs","robots":{"index":"index","follow":"follow","max-snippet":"max-snippet:-1","max-image-preview":"max-image-preview:large","max-video-preview":"max-video-preview:-1"},"canonical":"https:\/\/www.cssdd.gouv.qc.ca\/seduc-dev\/soutien-a-leleve\/","og_locale":"fr_FR","og_type":"article","og_title":"Soutien \u00e0 l'\u00e9l\u00e8ve - Services \u00e9ducatifs","og_url":"https:\/\/www.cssdd.gouv.qc.ca\/seduc-dev\/soutien-a-leleve\/","og_site_name":"Services \u00e9ducatifs","twitter_card":"summary_large_image","schema":{"@context":"https:\/\/schema.org","@graph":[{"@type":"WebPage","@id":"https:\/\/www.cssdd.gouv.qc.ca\/seduc-dev\/soutien-a-leleve\/","url":"https:\/\/www.cssdd.gouv.qc.ca\/seduc-dev\/soutien-a-leleve\/","name":"Soutien \u00e0 l'\u00e9l\u00e8ve - Services \u00e9ducatifs","isPartOf":{"@id":"https:\/\/www.cssdd.gouv.qc.ca\/seduc-dev\/#website"},"datePublished":"2024-06-27T16:14:30+00:00","breadcrumb":{"@id":"https:\/\/www.cssdd.gouv.qc.ca\/seduc-dev\/soutien-a-leleve\/#breadcrumb"},"inLanguage":"fr-FR","potentialAction":[{"@type":"ReadAction","target":["https:\/\/www.cssdd.gouv.qc.ca\/seduc-dev\/soutien-a-leleve\/"]}]},{"@type":"BreadcrumbList","@id":"https:\/\/www.cssdd.gouv.qc.ca\/seduc-dev\/soutien-a-leleve\/#breadcrumb","itemListElement":[{"@type":"ListItem","position":1,"name":"Accueil","item":"https:\/\/www.cssdd.gouv.qc.ca\/seduc-dev\/"},{"@type":"ListItem","position":2,"name":"Soutien \u00e0 l&#8217;\u00e9l\u00e8ve"}]},{"@type":"WebSite","@id":"https:\/\/www.cssdd.gouv.qc.ca\/seduc-dev\/#website","url":"https:\/\/www.cssdd.gouv.qc.ca\/seduc-dev\/","name":"Services \u00e9ducatifs","description":"","publisher":{"@id":"https:\/\/www.cssdd.gouv.qc.ca\/seduc-dev\/#organization"},"potentialAction":[{"@type":"SearchAction","target":{"@type":"EntryPoint","urlTemplate":"https:\/\/www.cssdd.gouv.qc.ca\/seduc-dev\/?s={search_term_string}"},"query-input":{"@type":"PropertyValueSpecification","valueRequired":true,"valueName":"search_term_string"}}],"inLanguage":"fr-FR"},{"@type":"Organization","@id":"https:\/\/www.cssdd.gouv.qc.ca\/seduc-dev\/#organization","name":"Services \u00e9ducatifs","url":"https:\/\/www.cssdd.gouv.qc.ca\/seduc-dev\/","logo":{"@type":"ImageObject","inLanguage":"fr-FR","@id":"https:\/\/www.cssdd.gouv.qc.ca\/seduc-dev\/#\/schema\/logo\/image\/","url":"https:\/\/www.cssdd.gouv.qc.ca\/seduc-dev\/files\/2024\/06\/cropped-cropped-logo-5-1.png","contentUrl":"https:\/\/www.cssdd.gouv.qc.ca\/seduc-dev\/files\/2024\/06\/cropped-cropped-logo-5-1.png","width":1035,"height":345,"caption":"Services \u00e9ducatifs"},"image":{"@id":"https:\/\/www.cssdd.gouv.qc.ca\/seduc-dev\/#\/schema\/logo\/image\/"}}]}},"_links":{"self":[{"href":"https:\/\/www.cssdd.gouv.qc.ca\/seduc-dev\/wp-json\/wp\/v2\/pages\/116","targetHints":{"allow":["GET"]}}],"collection":[{"href":"https:\/\/www.cssdd.gouv.qc.ca\/seduc-dev\/wp-json\/wp\/v2\/pages"}],"about":[{"href":"https:\/\/www.cssdd.gouv.qc.ca\/seduc-dev\/wp-json\/wp\/v2\/types\/page"}],"author":[{"embeddable":true,"href":"https:\/\/www.cssdd.gouv.qc.ca\/seduc-dev\/wp-json\/wp\/v2\/users\/469"}],"replies":[{"embeddable":true,"href":"https:\/\/www.cssdd.gouv.qc.ca\/seduc-dev\/wp-json\/wp\/v2\/comments?post=116"}],"version-history":[{"count":1,"href":"https:\/\/www.cssdd.gouv.qc.ca\/seduc-dev\/wp-json\/wp\/v2\/pages\/116\/revisions"}],"predecessor-version":[{"id":118,"href":"https:\/\/www.cssdd.gouv.qc.ca\/seduc-dev\/wp-json\/wp\/v2\/pages\/116\/revisions\/118"}],"wp:attachment":[{"href":"https:\/\/www.cssdd.gouv.qc.ca\/seduc-dev\/wp-json\/wp\/v2\/media?parent=116"}],"curies":[{"name":"wp","href":"https:\/\/api.w.org\/{rel}","templated":true}]}}