{"id":3131,"date":"2025-03-04T16:53:13","date_gmt":"2025-03-04T21:53:13","guid":{"rendered":"https:\/\/www.cssdd.gouv.qc.ca\/bellesrivieres\/?page_id=3131"},"modified":"2025-03-04T16:53:13","modified_gmt":"2025-03-04T21:53:13","slug":"tarifs","status":"publish","type":"page","link":"https:\/\/www.cssdd.gouv.qc.ca\/bellesrivieres\/tarifs\/","title":{"rendered":"Tarifs"},"content":{"rendered":"<p>En vertu de l&rsquo;article 6 du r\u00e8glement sur la contribution r\u00e9duite, les frais de garde sont de\u00a0<strong>9.35$ par jour par enfant.<\/strong><\/p>\n<p>Ces frais incluent:<\/p>\n<ul>\n<li>Les services de garde \u00e9ducatifs pendant une p\u00e9riode continue de garde\u00a0maximale de 10 heures par jour;<\/li>\n<li>Deux collations\u00a0si l&rsquo;enfant est gard\u00e9 durant les heures pr\u00e9vues pour leur distribution;<\/li>\n<li>Le\u00a0repas du midi\u00a0si l&rsquo;enfant est gard\u00e9 durant les heures pr\u00e9vues pour les repas;<\/li>\n<li>Tout le\u00a0mat\u00e9riel \u00e9ducatif\u00a0utilis\u00e9 pour l&rsquo;application du programme \u00e9ducatif.<\/li>\n<li>En vertu de l&rsquo;article 10 du r\u00e8glement sur la contribution r\u00e9duite,\u00a0<u>des frais suppl\u00e9mentaires pourraient \u00eatre charg\u00e9s<\/u>: pour une sortie occasionnelle organis\u00e9e dans le cadre d&rsquo;une activit\u00e9 \u00e9ducative \u00e0 laquelle l&rsquo;enfant peut participer et pour laquelle le prestataire encourt des frais, le d\u00e9passement des 10 heures de garde ou le d\u00e9part apr\u00e8s la fermeture du CPE.<\/li>\n<\/ul>\n","protected":false},"excerpt":{"rendered":"<p>En vertu de l&rsquo;article 6 du r\u00e8glement sur la contribution r\u00e9duite, les frais de garde sont de\u00a09.35$ par jour par enfant. Ces frais incluent: Les services de garde \u00e9ducatifs pendant une p\u00e9riode continue de garde\u00a0maximale de 10 heures par jour; Deux collations\u00a0si l&rsquo;enfant est gard\u00e9 durant les heures pr\u00e9vues pour leur distribution; Le\u00a0repas du midi\u00a0si [&hellip;]<\/p>\n","protected":false},"author":233,"featured_media":0,"parent":0,"menu_order":0,"comment_status":"closed","ping_status":"closed","template":"","meta":{"footnotes":""},"class_list":["post-3131","page","type-page","status-publish","hentry"],"yoast_head":"<!-- This site is optimized with the Yoast SEO plugin v27.0 - https:\/\/yoast.com\/product\/yoast-seo-wordpress\/ -->\n<title>Tarifs - CPE Les Pilotes de L\u2019Avenir<\/title>\n<meta name=\"robots\" content=\"index, follow, max-snippet:-1, max-image-preview:large, max-video-preview:-1\" \/>\n<link rel=\"canonical\" href=\"https:\/\/www.cssdd.gouv.qc.ca\/bellesrivieres\/tarifs\/\" \/>\n<meta property=\"og:locale\" content=\"fr_FR\" \/>\n<meta property=\"og:type\" content=\"article\" \/>\n<meta property=\"og:title\" content=\"Tarifs - CPE Les Pilotes de L\u2019Avenir\" \/>\n<meta property=\"og:description\" content=\"En vertu de l&rsquo;article 6 du r\u00e8glement sur la contribution r\u00e9duite, les frais de garde sont de\u00a09.35$ par jour par enfant. Ces frais incluent: Les services de garde \u00e9ducatifs pendant une p\u00e9riode continue de garde\u00a0maximale de 10 heures par jour; Deux collations\u00a0si l&rsquo;enfant est gard\u00e9 durant les heures pr\u00e9vues pour leur distribution; Le\u00a0repas du midi\u00a0si [&hellip;]\" \/>\n<meta property=\"og:url\" content=\"https:\/\/www.cssdd.gouv.qc.ca\/bellesrivieres\/tarifs\/\" \/>\n<meta property=\"og:site_name\" content=\"CPE Les Pilotes de L\u2019Avenir\" \/>\n<meta name=\"twitter:card\" content=\"summary_large_image\" \/>\n<meta name=\"twitter:label1\" content=\"Dur\u00e9e de lecture estim\u00e9e\" \/>\n\t<meta name=\"twitter:data1\" content=\"1 minute\" \/>\n<script type=\"application\/ld+json\" class=\"yoast-schema-graph\">{\"@context\":\"https:\/\/schema.org\",\"@graph\":[{\"@type\":\"WebPage\",\"@id\":\"https:\/\/www.cssdd.gouv.qc.ca\/bellesrivieres\/tarifs\/\",\"url\":\"https:\/\/www.cssdd.gouv.qc.ca\/bellesrivieres\/tarifs\/\",\"name\":\"Tarifs - CPE Les Pilotes de L\u2019Avenir\",\"isPartOf\":{\"@id\":\"https:\/\/www.cssdd.gouv.qc.ca\/bellesrivieres\/#website\"},\"datePublished\":\"2025-03-04T21:53:13+00:00\",\"breadcrumb\":{\"@id\":\"https:\/\/www.cssdd.gouv.qc.ca\/bellesrivieres\/tarifs\/#breadcrumb\"},\"inLanguage\":\"fr-FR\",\"potentialAction\":[{\"@type\":\"ReadAction\",\"target\":[\"https:\/\/www.cssdd.gouv.qc.ca\/bellesrivieres\/tarifs\/\"]}]},{\"@type\":\"BreadcrumbList\",\"@id\":\"https:\/\/www.cssdd.gouv.qc.ca\/bellesrivieres\/tarifs\/#breadcrumb\",\"itemListElement\":[{\"@type\":\"ListItem\",\"position\":1,\"name\":\"Accueil\",\"item\":\"https:\/\/www.cssdd.gouv.qc.ca\/bellesrivieres\/\"},{\"@type\":\"ListItem\",\"position\":2,\"name\":\"Tarifs\"}]},{\"@type\":\"WebSite\",\"@id\":\"https:\/\/www.cssdd.gouv.qc.ca\/bellesrivieres\/#website\",\"url\":\"https:\/\/www.cssdd.gouv.qc.ca\/bellesrivieres\/\",\"name\":\"CPE Les Pilotes de L\u2019Avenir\",\"description\":\"\",\"potentialAction\":[{\"@type\":\"SearchAction\",\"target\":{\"@type\":\"EntryPoint\",\"urlTemplate\":\"https:\/\/www.cssdd.gouv.qc.ca\/bellesrivieres\/?s={search_term_string}\"},\"query-input\":{\"@type\":\"PropertyValueSpecification\",\"valueRequired\":true,\"valueName\":\"search_term_string\"}}],\"inLanguage\":\"fr-FR\"}]}<\/script>\n<!-- \/ Yoast SEO plugin. -->","yoast_head_json":{"title":"Tarifs - CPE Les Pilotes de L\u2019Avenir","robots":{"index":"index","follow":"follow","max-snippet":"max-snippet:-1","max-image-preview":"max-image-preview:large","max-video-preview":"max-video-preview:-1"},"canonical":"https:\/\/www.cssdd.gouv.qc.ca\/bellesrivieres\/tarifs\/","og_locale":"fr_FR","og_type":"article","og_title":"Tarifs - CPE Les Pilotes de L\u2019Avenir","og_description":"En vertu de l&rsquo;article 6 du r\u00e8glement sur la contribution r\u00e9duite, les frais de garde sont de\u00a09.35$ par jour par enfant. Ces frais incluent: Les services de garde \u00e9ducatifs pendant une p\u00e9riode continue de garde\u00a0maximale de 10 heures par jour; Deux collations\u00a0si l&rsquo;enfant est gard\u00e9 durant les heures pr\u00e9vues pour leur distribution; Le\u00a0repas du midi\u00a0si [&hellip;]","og_url":"https:\/\/www.cssdd.gouv.qc.ca\/bellesrivieres\/tarifs\/","og_site_name":"CPE Les Pilotes de L\u2019Avenir","twitter_card":"summary_large_image","twitter_misc":{"Dur\u00e9e de lecture estim\u00e9e":"1 minute"},"schema":{"@context":"https:\/\/schema.org","@graph":[{"@type":"WebPage","@id":"https:\/\/www.cssdd.gouv.qc.ca\/bellesrivieres\/tarifs\/","url":"https:\/\/www.cssdd.gouv.qc.ca\/bellesrivieres\/tarifs\/","name":"Tarifs - CPE Les Pilotes de L\u2019Avenir","isPartOf":{"@id":"https:\/\/www.cssdd.gouv.qc.ca\/bellesrivieres\/#website"},"datePublished":"2025-03-04T21:53:13+00:00","breadcrumb":{"@id":"https:\/\/www.cssdd.gouv.qc.ca\/bellesrivieres\/tarifs\/#breadcrumb"},"inLanguage":"fr-FR","potentialAction":[{"@type":"ReadAction","target":["https:\/\/www.cssdd.gouv.qc.ca\/bellesrivieres\/tarifs\/"]}]},{"@type":"BreadcrumbList","@id":"https:\/\/www.cssdd.gouv.qc.ca\/bellesrivieres\/tarifs\/#breadcrumb","itemListElement":[{"@type":"ListItem","position":1,"name":"Accueil","item":"https:\/\/www.cssdd.gouv.qc.ca\/bellesrivieres\/"},{"@type":"ListItem","position":2,"name":"Tarifs"}]},{"@type":"WebSite","@id":"https:\/\/www.cssdd.gouv.qc.ca\/bellesrivieres\/#website","url":"https:\/\/www.cssdd.gouv.qc.ca\/bellesrivieres\/","name":"CPE Les Pilotes de L\u2019Avenir","description":"","potentialAction":[{"@type":"SearchAction","target":{"@type":"EntryPoint","urlTemplate":"https:\/\/www.cssdd.gouv.qc.ca\/bellesrivieres\/?s={search_term_string}"},"query-input":{"@type":"PropertyValueSpecification","valueRequired":true,"valueName":"search_term_string"}}],"inLanguage":"fr-FR"}]}},"_links":{"self":[{"href":"https:\/\/www.cssdd.gouv.qc.ca\/bellesrivieres\/wp-json\/wp\/v2\/pages\/3131","targetHints":{"allow":["GET"]}}],"collection":[{"href":"https:\/\/www.cssdd.gouv.qc.ca\/bellesrivieres\/wp-json\/wp\/v2\/pages"}],"about":[{"href":"https:\/\/www.cssdd.gouv.qc.ca\/bellesrivieres\/wp-json\/wp\/v2\/types\/page"}],"author":[{"embeddable":true,"href":"https:\/\/www.cssdd.gouv.qc.ca\/bellesrivieres\/wp-json\/wp\/v2\/users\/233"}],"replies":[{"embeddable":true,"href":"https:\/\/www.cssdd.gouv.qc.ca\/bellesrivieres\/wp-json\/wp\/v2\/comments?post=3131"}],"version-history":[{"count":1,"href":"https:\/\/www.cssdd.gouv.qc.ca\/bellesrivieres\/wp-json\/wp\/v2\/pages\/3131\/revisions"}],"predecessor-version":[{"id":3132,"href":"https:\/\/www.cssdd.gouv.qc.ca\/bellesrivieres\/wp-json\/wp\/v2\/pages\/3131\/revisions\/3132"}],"wp:attachment":[{"href":"https:\/\/www.cssdd.gouv.qc.ca\/bellesrivieres\/wp-json\/wp\/v2\/media?parent=3131"}],"curies":[{"name":"wp","href":"https:\/\/api.w.org\/{rel}","templated":true}]}}