{"id":282,"date":"2013-08-07T13:41:21","date_gmt":"2013-08-07T17:41:21","guid":{"rendered":"http:\/\/www.csdecou.qc.ca\/bellesrivieres\/?page_id=282"},"modified":"2025-03-05T16:29:53","modified_gmt":"2025-03-05T21:29:53","slug":"le-coin-des-trouvailles","status":"publish","type":"page","link":"https:\/\/www.cssdd.gouv.qc.ca\/bellesrivieres\/le-coin-des-trouvailles\/","title":{"rendered":"Nos services"},"content":{"rendered":"<p>Installation des Belles-Rivi\u00e8res situ\u00e9e au 1295 rue des Loisirs Est, L&rsquo;Ancienne-Lorette<\/p>\n<ul style=\"list-style-type: circle\">\n<li>58 places \u00e0 contribution r\u00e9duite (10 poupons, 48 enfants de plus de 18 mois).<\/li>\n<\/ul>\n<p>Installation au Petit Poucet situ\u00e9e au 1380 des Pins Ouest, L&rsquo;Ancienne-Lorette<\/p>\n<ul style=\"list-style-type: circle\">\n<li>37 places \u00e0 contribution r\u00e9duite (5 poupons et 32 enfants de plus de 18 mois).<\/li>\n<\/ul>\n","protected":false},"excerpt":{"rendered":"<p>Installation des Belles-Rivi\u00e8res situ\u00e9e au 1295 rue des Loisirs Est, L&rsquo;Ancienne-Lorette 58 places \u00e0 contribution r\u00e9duite (10 poupons, 48 enfants de plus de 18 mois). Installation au Petit Poucet situ\u00e9e au 1380 des Pins Ouest, L&rsquo;Ancienne-Lorette 37 places \u00e0 contribution r\u00e9duite (5 poupons et 32 enfants de plus de 18 mois).<\/p>\n","protected":false},"author":77,"featured_media":0,"parent":0,"menu_order":0,"comment_status":"closed","ping_status":"open","template":"","meta":{"footnotes":""},"class_list":["post-282","page","type-page","status-publish","hentry"],"yoast_head":"<!-- This site is optimized with the Yoast SEO plugin v27.0 - https:\/\/yoast.com\/product\/yoast-seo-wordpress\/ -->\n<title>Nos services - CPE Les Pilotes de L\u2019Avenir<\/title>\n<meta name=\"robots\" content=\"index, follow, max-snippet:-1, max-image-preview:large, max-video-preview:-1\" \/>\n<link rel=\"canonical\" href=\"https:\/\/www.cssdd.gouv.qc.ca\/bellesrivieres\/le-coin-des-trouvailles\/\" \/>\n<meta property=\"og:locale\" content=\"fr_FR\" \/>\n<meta property=\"og:type\" content=\"article\" \/>\n<meta property=\"og:title\" content=\"Nos services - CPE Les Pilotes de L\u2019Avenir\" \/>\n<meta property=\"og:description\" content=\"Installation des Belles-Rivi\u00e8res situ\u00e9e au 1295 rue des Loisirs Est, L&rsquo;Ancienne-Lorette 58 places \u00e0 contribution r\u00e9duite (10 poupons, 48 enfants de plus de 18 mois). Installation au Petit Poucet situ\u00e9e au 1380 des Pins Ouest, L&rsquo;Ancienne-Lorette 37 places \u00e0 contribution r\u00e9duite (5 poupons et 32 enfants de plus de 18 mois).\" \/>\n<meta property=\"og:url\" content=\"https:\/\/www.cssdd.gouv.qc.ca\/bellesrivieres\/le-coin-des-trouvailles\/\" \/>\n<meta property=\"og:site_name\" content=\"CPE Les Pilotes de L\u2019Avenir\" \/>\n<meta property=\"article:modified_time\" content=\"2025-03-05T21:29:53+00:00\" \/>\n<meta name=\"twitter:card\" content=\"summary_large_image\" \/>\n<meta name=\"twitter:label1\" content=\"Dur\u00e9e de lecture estim\u00e9e\" \/>\n\t<meta name=\"twitter:data1\" content=\"1 minute\" \/>\n<script type=\"application\/ld+json\" class=\"yoast-schema-graph\">{\"@context\":\"https:\/\/schema.org\",\"@graph\":[{\"@type\":\"WebPage\",\"@id\":\"https:\/\/www.cssdd.gouv.qc.ca\/bellesrivieres\/le-coin-des-trouvailles\/\",\"url\":\"https:\/\/www.cssdd.gouv.qc.ca\/bellesrivieres\/le-coin-des-trouvailles\/\",\"name\":\"Nos services - CPE Les Pilotes de L\u2019Avenir\",\"isPartOf\":{\"@id\":\"https:\/\/www.cssdd.gouv.qc.ca\/bellesrivieres\/#website\"},\"datePublished\":\"2013-08-07T17:41:21+00:00\",\"dateModified\":\"2025-03-05T21:29:53+00:00\",\"breadcrumb\":{\"@id\":\"https:\/\/www.cssdd.gouv.qc.ca\/bellesrivieres\/le-coin-des-trouvailles\/#breadcrumb\"},\"inLanguage\":\"fr-FR\",\"potentialAction\":[{\"@type\":\"ReadAction\",\"target\":[\"https:\/\/www.cssdd.gouv.qc.ca\/bellesrivieres\/le-coin-des-trouvailles\/\"]}]},{\"@type\":\"BreadcrumbList\",\"@id\":\"https:\/\/www.cssdd.gouv.qc.ca\/bellesrivieres\/le-coin-des-trouvailles\/#breadcrumb\",\"itemListElement\":[{\"@type\":\"ListItem\",\"position\":1,\"name\":\"Accueil\",\"item\":\"https:\/\/www.cssdd.gouv.qc.ca\/bellesrivieres\/\"},{\"@type\":\"ListItem\",\"position\":2,\"name\":\"Nos services\"}]},{\"@type\":\"WebSite\",\"@id\":\"https:\/\/www.cssdd.gouv.qc.ca\/bellesrivieres\/#website\",\"url\":\"https:\/\/www.cssdd.gouv.qc.ca\/bellesrivieres\/\",\"name\":\"CPE Les Pilotes de L\u2019Avenir\",\"description\":\"\",\"potentialAction\":[{\"@type\":\"SearchAction\",\"target\":{\"@type\":\"EntryPoint\",\"urlTemplate\":\"https:\/\/www.cssdd.gouv.qc.ca\/bellesrivieres\/?s={search_term_string}\"},\"query-input\":{\"@type\":\"PropertyValueSpecification\",\"valueRequired\":true,\"valueName\":\"search_term_string\"}}],\"inLanguage\":\"fr-FR\"}]}<\/script>\n<!-- \/ Yoast SEO plugin. -->","yoast_head_json":{"title":"Nos services - CPE Les Pilotes de L\u2019Avenir","robots":{"index":"index","follow":"follow","max-snippet":"max-snippet:-1","max-image-preview":"max-image-preview:large","max-video-preview":"max-video-preview:-1"},"canonical":"https:\/\/www.cssdd.gouv.qc.ca\/bellesrivieres\/le-coin-des-trouvailles\/","og_locale":"fr_FR","og_type":"article","og_title":"Nos services - CPE Les Pilotes de L\u2019Avenir","og_description":"Installation des Belles-Rivi\u00e8res situ\u00e9e au 1295 rue des Loisirs Est, L&rsquo;Ancienne-Lorette 58 places \u00e0 contribution r\u00e9duite (10 poupons, 48 enfants de plus de 18 mois). Installation au Petit Poucet situ\u00e9e au 1380 des Pins Ouest, L&rsquo;Ancienne-Lorette 37 places \u00e0 contribution r\u00e9duite (5 poupons et 32 enfants de plus de 18 mois).","og_url":"https:\/\/www.cssdd.gouv.qc.ca\/bellesrivieres\/le-coin-des-trouvailles\/","og_site_name":"CPE Les Pilotes de L\u2019Avenir","article_modified_time":"2025-03-05T21:29:53+00:00","twitter_card":"summary_large_image","twitter_misc":{"Dur\u00e9e de lecture estim\u00e9e":"1 minute"},"schema":{"@context":"https:\/\/schema.org","@graph":[{"@type":"WebPage","@id":"https:\/\/www.cssdd.gouv.qc.ca\/bellesrivieres\/le-coin-des-trouvailles\/","url":"https:\/\/www.cssdd.gouv.qc.ca\/bellesrivieres\/le-coin-des-trouvailles\/","name":"Nos services - CPE Les Pilotes de L\u2019Avenir","isPartOf":{"@id":"https:\/\/www.cssdd.gouv.qc.ca\/bellesrivieres\/#website"},"datePublished":"2013-08-07T17:41:21+00:00","dateModified":"2025-03-05T21:29:53+00:00","breadcrumb":{"@id":"https:\/\/www.cssdd.gouv.qc.ca\/bellesrivieres\/le-coin-des-trouvailles\/#breadcrumb"},"inLanguage":"fr-FR","potentialAction":[{"@type":"ReadAction","target":["https:\/\/www.cssdd.gouv.qc.ca\/bellesrivieres\/le-coin-des-trouvailles\/"]}]},{"@type":"BreadcrumbList","@id":"https:\/\/www.cssdd.gouv.qc.ca\/bellesrivieres\/le-coin-des-trouvailles\/#breadcrumb","itemListElement":[{"@type":"ListItem","position":1,"name":"Accueil","item":"https:\/\/www.cssdd.gouv.qc.ca\/bellesrivieres\/"},{"@type":"ListItem","position":2,"name":"Nos services"}]},{"@type":"WebSite","@id":"https:\/\/www.cssdd.gouv.qc.ca\/bellesrivieres\/#website","url":"https:\/\/www.cssdd.gouv.qc.ca\/bellesrivieres\/","name":"CPE Les Pilotes de L\u2019Avenir","description":"","potentialAction":[{"@type":"SearchAction","target":{"@type":"EntryPoint","urlTemplate":"https:\/\/www.cssdd.gouv.qc.ca\/bellesrivieres\/?s={search_term_string}"},"query-input":{"@type":"PropertyValueSpecification","valueRequired":true,"valueName":"search_term_string"}}],"inLanguage":"fr-FR"}]}},"_links":{"self":[{"href":"https:\/\/www.cssdd.gouv.qc.ca\/bellesrivieres\/wp-json\/wp\/v2\/pages\/282","targetHints":{"allow":["GET"]}}],"collection":[{"href":"https:\/\/www.cssdd.gouv.qc.ca\/bellesrivieres\/wp-json\/wp\/v2\/pages"}],"about":[{"href":"https:\/\/www.cssdd.gouv.qc.ca\/bellesrivieres\/wp-json\/wp\/v2\/types\/page"}],"author":[{"embeddable":true,"href":"https:\/\/www.cssdd.gouv.qc.ca\/bellesrivieres\/wp-json\/wp\/v2\/users\/77"}],"replies":[{"embeddable":true,"href":"https:\/\/www.cssdd.gouv.qc.ca\/bellesrivieres\/wp-json\/wp\/v2\/comments?post=282"}],"version-history":[{"count":8,"href":"https:\/\/www.cssdd.gouv.qc.ca\/bellesrivieres\/wp-json\/wp\/v2\/pages\/282\/revisions"}],"predecessor-version":[{"id":3159,"href":"https:\/\/www.cssdd.gouv.qc.ca\/bellesrivieres\/wp-json\/wp\/v2\/pages\/282\/revisions\/3159"}],"wp:attachment":[{"href":"https:\/\/www.cssdd.gouv.qc.ca\/bellesrivieres\/wp-json\/wp\/v2\/media?parent=282"}],"curies":[{"name":"wp","href":"https:\/\/api.w.org\/{rel}","templated":true}]}}